{"id":1599824,"date":"2026-04-12T12:30:20","date_gmt":"2026-04-12T10:30:20","guid":{"rendered":"https:\/\/dev6.erresse-shop.it\/shop\/unkategorisiert\/zwilling-gourmet-messer-set-3\/"},"modified":"2025-09-14T02:41:24","modified_gmt":"2025-09-14T00:41:24","slug":"zwilling-gourmet-messer-set-3","status":"publish","type":"product","link":"https:\/\/dev6.erresse-shop.it\/de\/shop\/kuche\/messer\/kuechenmesser\/zwilling-gourmet-messer-set-3\/","title":{"rendered":"ZWILLING Gourmet-Messer-Set 3"},"content":{"rendered":"<p>Das 3-Messer-Set aus der ZWILLING Gourmet-Linie enth\u00e4lt die K\u00fcchenmesser, die Sie f\u00fcr die Zubereitung Ihrer leckeren Gerichte am meisten ben\u00f6tigen. Im Set finden Sie ein Sch\u00e4lmesser (Klingenl\u00e4nge 10 cm) zum Sch\u00e4len und Schneiden von Obst oder Gem\u00fcse und ein Tranchiermesser (Klingenl\u00e4nge 16 cm), mit dem Sie jede Art von Fleisch m\u00fchelos zerlegen k\u00f6nnen. Komplettiert wird das Set durch das Kochmesser (Klingenl\u00e4nge 20 cm), mit dem Sie Zutaten schneiden, hacken, zerkleinern oder zerkleinern k\u00f6nnen. Die FRIODUR\u00ae-Klingen der K\u00fcchenmesser sind eisgeh\u00e4rtet und werden durch dieses Verfahren unglaublich robust und korrosionsbest\u00e4ndig. Au\u00dferdem ist die Handhabung der Messer denkbar einfach, denn sie sind gut ausbalanciert und sehr leicht, so dass das Kochen Spa\u00df macht!<\/p>\n<p>Spezieller rostfreier Stahl, der die Klingen stark, korrosionsbest\u00e4ndig und flexibel macht<br \/>\nPerfekt ausbalancierte Messer f\u00fcr m\u00fcheloses Arbeiten<br \/>\nErgonomischer Griff f\u00fcr m\u00fcheloses und sicheres Arbeiten, aus Kunststoff mit 3-Nieten-Design und gelasertem ZWILLING\u00ae-Logo auf der mittleren Niete<br \/>\nGefertigt in Solingen<br \/>\nEnth\u00e4lt 1 Garniermesser (10 cm), 1 Fleischmesser (16 cm), 1 Kochmesser (20 cm)<\/p>\n<p>Material:rostfreier Stahl mit spezieller Formel<br \/>\nArt der Kante:glatt<br \/>\nProduktionsmethode:Laserschnitt<br \/>\nAnzahl der Teile:3<br \/>\nFarbe des Griffs:schwarz<br \/>\nMaterial des Griffs:Kunststoff<br \/>\nABMESSUNG<\/p>\n<p>Nettogewicht:0,36 kg<br \/>\nProduktl\u00e4nge:42,00 cm<br \/>\nBreite des Produkts:13,80 cm<br \/>\nH\u00f6he des Produkts:3,00 cm<\/p>\n","protected":false},"excerpt":{"rendered":"<p>Das 3-Messer-Set aus der ZWILLING Gourmet-Linie enth\u00e4lt die K\u00fcchenmesser, die Sie f\u00fcr die Zubereitung Ihrer leckeren Gerichte am meisten ben\u00f6tigen. Im Set finden Sie ein Sch\u00e4lmesser (Klingenl\u00e4nge 10 cm) zum Sch\u00e4len und Schneiden von Obst oder Gem\u00fcse und ein Tranchiermesser (Klingenl\u00e4nge 16 cm), mit dem Sie jede Art von Fleisch m\u00fchelos zerlegen k\u00f6nnen. Komplettiert wird [&hellip;]<\/p>\n","protected":false},"featured_media":6373150,"template":"","meta":{"_acf_changed":false},"product_cat":[12100,12105],"product_tag":[],"class_list":{"0":"post-1599824","1":"product","2":"type-product","3":"status-publish","4":"has-post-thumbnail","6":"product_cat-kuche","7":"product_cat-kuechenmesser","9":"first","10":"instock","11":"sale","12":"taxable","13":"shipping-taxable","14":"purchasable","15":"product-type-simple","swatches":"rey-swatches","show_selected":"","stretch_labels":"rey-swatches--stretch-labels"},"acf":[],"yoast_head":"<!-- This site is optimized with the Yoast SEO plugin v25.4 - https:\/\/yoast.com\/wordpress\/plugins\/seo\/ -->\n<title>ZWILLING Gourmet-Messer-Set 3 - dev6 Erresse<\/title>\n<meta name=\"description\" content=\"Das 3-Messer-Set aus der ZWILLING Gourmet-Linie enth\u00e4lt die K\u00fcchenmesser, die Sie f\u00fcr die Zubereitung Ihrer leckeren Gerichte am meisten ben\u00f6tigen. Im Set\" \/>\n<meta name=\"robots\" content=\"noindex, follow, max-snippet:-1, max-image-preview:large, max-video-preview:-1\" \/>\n<meta property=\"og:locale\" content=\"de_DE\" \/>\n<meta property=\"og:type\" content=\"article\" \/>\n<meta property=\"og:title\" content=\"ZWILLING Gourmet-Messer-Set 3 - dev6 Erresse\" \/>\n<meta property=\"og:description\" content=\"Das 3-Messer-Set aus der ZWILLING Gourmet-Linie enth\u00e4lt die K\u00fcchenmesser, die Sie f\u00fcr die Zubereitung Ihrer leckeren Gerichte am meisten ben\u00f6tigen. Im Set\" \/>\n<meta property=\"og:url\" content=\"https:\/\/dev6.erresse-shop.it\/de\/shop\/kuche\/messer\/kuechenmesser\/zwilling-gourmet-messer-set-3\/\" \/>\n<meta property=\"og:site_name\" content=\"dev6 Erresse\" \/>\n<meta property=\"og:image\" content=\"https:\/\/interpim.erresse-shop.it\/Import\/Prodotti\/zwilling-set-3-coltelli-gourmet.jpg\" \/><meta property=\"og:image\" content=\"https:\/\/interpim.erresse-shop.it\/Import\/Prodotti\/zwilling-set-3-coltelli-gourmet.jpg\" \/>\n\t<meta property=\"og:image:width\" content=\"1024\" \/>\n\t<meta property=\"og:image:height\" content=\"1024\" \/>\n\t<meta property=\"og:image:type\" content=\"image\/jpeg\" \/>\n<meta name=\"twitter:card\" content=\"summary_large_image\" \/>\n<meta name=\"twitter:image\" content=\"https:\/\/interpim.erresse-shop.it\/Import\/Prodotti\/zwilling-set-3-coltelli-gourmet.jpg\" \/>\n<script type=\"application\/ld+json\" class=\"yoast-schema-graph\">{\"@context\":\"https:\/\/schema.org\",\"@graph\":[{\"@type\":\"WebPage\",\"@id\":\"https:\/\/dev6.erresse-shop.it\/de\/shop\/kuche\/messer\/kuechenmesser\/zwilling-gourmet-messer-set-3\/\",\"url\":\"https:\/\/dev6.erresse-shop.it\/de\/shop\/kuche\/messer\/kuechenmesser\/zwilling-gourmet-messer-set-3\/\",\"name\":\"ZWILLING Gourmet-Messer-Set 3 - dev6 Erresse\",\"isPartOf\":{\"@id\":\"https:\/\/dev6.erresse-shop.it\/#website\"},\"primaryImageOfPage\":{\"@id\":\"https:\/\/dev6.erresse-shop.it\/de\/shop\/kuche\/messer\/kuechenmesser\/zwilling-gourmet-messer-set-3\/#primaryimage\"},\"image\":{\"@id\":\"https:\/\/dev6.erresse-shop.it\/de\/shop\/kuche\/messer\/kuechenmesser\/zwilling-gourmet-messer-set-3\/#primaryimage\"},\"thumbnailUrl\":\"https:\/\/i3.wp.com\/interpim.erresse-shop.it\/Import\/Prodotti\/zwilling-set-3-coltelli-gourmet.jpg?ssl=1\",\"datePublished\":\"2026-04-12T10:30:20+00:00\",\"description\":\"Das 3-Messer-Set aus der ZWILLING Gourmet-Linie enth\u00e4lt die K\u00fcchenmesser, die Sie f\u00fcr die Zubereitung Ihrer leckeren Gerichte am meisten ben\u00f6tigen. Im Set\",\"breadcrumb\":{\"@id\":\"https:\/\/dev6.erresse-shop.it\/de\/shop\/kuche\/messer\/kuechenmesser\/zwilling-gourmet-messer-set-3\/#breadcrumb\"},\"inLanguage\":\"de\",\"potentialAction\":[{\"@type\":\"ReadAction\",\"target\":[\"https:\/\/dev6.erresse-shop.it\/de\/shop\/kuche\/messer\/kuechenmesser\/zwilling-gourmet-messer-set-3\/\"]}]},{\"@type\":\"ImageObject\",\"inLanguage\":\"de\",\"@id\":\"https:\/\/dev6.erresse-shop.it\/de\/shop\/kuche\/messer\/kuechenmesser\/zwilling-gourmet-messer-set-3\/#primaryimage\",\"url\":\"https:\/\/i3.wp.com\/interpim.erresse-shop.it\/Import\/Prodotti\/zwilling-set-3-coltelli-gourmet.jpg?ssl=1\",\"contentUrl\":\"https:\/\/i3.wp.com\/interpim.erresse-shop.it\/Import\/Prodotti\/zwilling-set-3-coltelli-gourmet.jpg?ssl=1\"},{\"@type\":\"BreadcrumbList\",\"@id\":\"https:\/\/dev6.erresse-shop.it\/de\/shop\/kuche\/messer\/kuechenmesser\/zwilling-gourmet-messer-set-3\/#breadcrumb\",\"itemListElement\":[{\"@type\":\"ListItem\",\"position\":1,\"name\":\"Home\",\"item\":\"https:\/\/dev6.erresse-shop.it\/\"},{\"@type\":\"ListItem\",\"position\":2,\"name\":\"Shop\",\"item\":\"https:\/\/dev6.erresse-shop.it\/shop\/\"},{\"@type\":\"ListItem\",\"position\":3,\"name\":\"ZWILLING Gourmet-Messer-Set 3\"}]},{\"@type\":\"WebSite\",\"@id\":\"https:\/\/dev6.erresse-shop.it\/#website\",\"url\":\"https:\/\/dev6.erresse-shop.it\/\",\"name\":\"Erresse Shop\",\"description\":\"\",\"publisher\":{\"@id\":\"https:\/\/dev6.erresse-shop.it\/#organization\"},\"potentialAction\":[{\"@type\":\"SearchAction\",\"target\":{\"@type\":\"EntryPoint\",\"urlTemplate\":\"https:\/\/dev6.erresse-shop.it\/?s={search_term_string}\"},\"query-input\":{\"@type\":\"PropertyValueSpecification\",\"valueRequired\":true,\"valueName\":\"search_term_string\"}}],\"inLanguage\":\"de\"},{\"@type\":\"Organization\",\"@id\":\"https:\/\/dev6.erresse-shop.it\/#organization\",\"name\":\"Erresse Shop\",\"url\":\"https:\/\/dev6.erresse-shop.it\/\",\"logo\":{\"@type\":\"ImageObject\",\"inLanguage\":\"de\",\"@id\":\"https:\/\/dev6.erresse-shop.it\/#\/schema\/logo\/image\/\",\"url\":\"https:\/\/dev6.erresse-shop.it\/wp-content\/uploads\/2025\/01\/LOGO-ERRESSE-CLASSICO.svg\",\"contentUrl\":\"https:\/\/dev6.erresse-shop.it\/wp-content\/uploads\/2025\/01\/LOGO-ERRESSE-CLASSICO.svg\",\"caption\":\"Erresse Shop\"},\"image\":{\"@id\":\"https:\/\/dev6.erresse-shop.it\/#\/schema\/logo\/image\/\"}}]}<\/script>\n<!-- \/ Yoast SEO plugin. -->","yoast_head_json":{"title":"ZWILLING Gourmet-Messer-Set 3 - dev6 Erresse","description":"Das 3-Messer-Set aus der ZWILLING Gourmet-Linie enth\u00e4lt die K\u00fcchenmesser, die Sie f\u00fcr die Zubereitung Ihrer leckeren Gerichte am meisten ben\u00f6tigen. Im Set","robots":{"index":"noindex","follow":"follow","max-snippet":"max-snippet:-1","max-image-preview":"max-image-preview:large","max-video-preview":"max-video-preview:-1"},"og_locale":"de_DE","og_type":"article","og_title":"ZWILLING Gourmet-Messer-Set 3 - dev6 Erresse","og_description":"Das 3-Messer-Set aus der ZWILLING Gourmet-Linie enth\u00e4lt die K\u00fcchenmesser, die Sie f\u00fcr die Zubereitung Ihrer leckeren Gerichte am meisten ben\u00f6tigen. Im Set","og_url":"https:\/\/dev6.erresse-shop.it\/de\/shop\/kuche\/messer\/kuechenmesser\/zwilling-gourmet-messer-set-3\/","og_site_name":"dev6 Erresse","og_image":[{"url":"https:\/\/interpim.erresse-shop.it\/Import\/Prodotti\/zwilling-set-3-coltelli-gourmet.jpg","type":"","width":"","height":""},{"url":"https:\/\/interpim.erresse-shop.it\/Import\/Prodotti\/zwilling-set-3-coltelli-gourmet.jpg","width":1024,"height":1024,"type":"image\/jpeg"}],"twitter_card":"summary_large_image","twitter_image":"https:\/\/interpim.erresse-shop.it\/Import\/Prodotti\/zwilling-set-3-coltelli-gourmet.jpg","schema":{"@context":"https:\/\/schema.org","@graph":[{"@type":"WebPage","@id":"https:\/\/dev6.erresse-shop.it\/de\/shop\/kuche\/messer\/kuechenmesser\/zwilling-gourmet-messer-set-3\/","url":"https:\/\/dev6.erresse-shop.it\/de\/shop\/kuche\/messer\/kuechenmesser\/zwilling-gourmet-messer-set-3\/","name":"ZWILLING Gourmet-Messer-Set 3 - dev6 Erresse","isPartOf":{"@id":"https:\/\/dev6.erresse-shop.it\/#website"},"primaryImageOfPage":{"@id":"https:\/\/dev6.erresse-shop.it\/de\/shop\/kuche\/messer\/kuechenmesser\/zwilling-gourmet-messer-set-3\/#primaryimage"},"image":{"@id":"https:\/\/dev6.erresse-shop.it\/de\/shop\/kuche\/messer\/kuechenmesser\/zwilling-gourmet-messer-set-3\/#primaryimage"},"thumbnailUrl":"https:\/\/i3.wp.com\/interpim.erresse-shop.it\/Import\/Prodotti\/zwilling-set-3-coltelli-gourmet.jpg?ssl=1","datePublished":"2026-04-12T10:30:20+00:00","description":"Das 3-Messer-Set aus der ZWILLING Gourmet-Linie enth\u00e4lt die K\u00fcchenmesser, die Sie f\u00fcr die Zubereitung Ihrer leckeren Gerichte am meisten ben\u00f6tigen. Im Set","breadcrumb":{"@id":"https:\/\/dev6.erresse-shop.it\/de\/shop\/kuche\/messer\/kuechenmesser\/zwilling-gourmet-messer-set-3\/#breadcrumb"},"inLanguage":"de","potentialAction":[{"@type":"ReadAction","target":["https:\/\/dev6.erresse-shop.it\/de\/shop\/kuche\/messer\/kuechenmesser\/zwilling-gourmet-messer-set-3\/"]}]},{"@type":"ImageObject","inLanguage":"de","@id":"https:\/\/dev6.erresse-shop.it\/de\/shop\/kuche\/messer\/kuechenmesser\/zwilling-gourmet-messer-set-3\/#primaryimage","url":"https:\/\/i3.wp.com\/interpim.erresse-shop.it\/Import\/Prodotti\/zwilling-set-3-coltelli-gourmet.jpg?ssl=1","contentUrl":"https:\/\/i3.wp.com\/interpim.erresse-shop.it\/Import\/Prodotti\/zwilling-set-3-coltelli-gourmet.jpg?ssl=1"},{"@type":"BreadcrumbList","@id":"https:\/\/dev6.erresse-shop.it\/de\/shop\/kuche\/messer\/kuechenmesser\/zwilling-gourmet-messer-set-3\/#breadcrumb","itemListElement":[{"@type":"ListItem","position":1,"name":"Home","item":"https:\/\/dev6.erresse-shop.it\/"},{"@type":"ListItem","position":2,"name":"Shop","item":"https:\/\/dev6.erresse-shop.it\/shop\/"},{"@type":"ListItem","position":3,"name":"ZWILLING Gourmet-Messer-Set 3"}]},{"@type":"WebSite","@id":"https:\/\/dev6.erresse-shop.it\/#website","url":"https:\/\/dev6.erresse-shop.it\/","name":"Erresse Shop","description":"","publisher":{"@id":"https:\/\/dev6.erresse-shop.it\/#organization"},"potentialAction":[{"@type":"SearchAction","target":{"@type":"EntryPoint","urlTemplate":"https:\/\/dev6.erresse-shop.it\/?s={search_term_string}"},"query-input":{"@type":"PropertyValueSpecification","valueRequired":true,"valueName":"search_term_string"}}],"inLanguage":"de"},{"@type":"Organization","@id":"https:\/\/dev6.erresse-shop.it\/#organization","name":"Erresse Shop","url":"https:\/\/dev6.erresse-shop.it\/","logo":{"@type":"ImageObject","inLanguage":"de","@id":"https:\/\/dev6.erresse-shop.it\/#\/schema\/logo\/image\/","url":"https:\/\/dev6.erresse-shop.it\/wp-content\/uploads\/2025\/01\/LOGO-ERRESSE-CLASSICO.svg","contentUrl":"https:\/\/dev6.erresse-shop.it\/wp-content\/uploads\/2025\/01\/LOGO-ERRESSE-CLASSICO.svg","caption":"Erresse Shop"},"image":{"@id":"https:\/\/dev6.erresse-shop.it\/#\/schema\/logo\/image\/"}}]}},"df_price":89,"df_sale_price":89,"df_regular_price":119,"df_image_link":"https:\/\/i3.wp.com\/interpim.erresse-shop.it\/Import\/Prodotti\/zwilling-set-3-coltelli-gourmet.jpg?resize=300,300&ssl=1","fifu_image_url":"https:\/\/interpim.erresse-shop.it\/Import\/Prodotti\/zwilling-set-3-coltelli-gourmet.jpg","_links":{"self":[{"href":"https:\/\/dev6.erresse-shop.it\/de\/wp-json\/wp\/v2\/product\/1599824","targetHints":{"allow":["GET"]}}],"collection":[{"href":"https:\/\/dev6.erresse-shop.it\/de\/wp-json\/wp\/v2\/product"}],"about":[{"href":"https:\/\/dev6.erresse-shop.it\/de\/wp-json\/wp\/v2\/types\/product"}],"wp:featuredmedia":[{"embeddable":true,"href":"https:\/\/dev6.erresse-shop.it\/de\/wp-json\/wp\/v2\/media\/6373150"}],"wp:attachment":[{"href":"https:\/\/dev6.erresse-shop.it\/de\/wp-json\/wp\/v2\/media?parent=1599824"}],"wp:term":[{"taxonomy":"product_cat","embeddable":true,"href":"https:\/\/dev6.erresse-shop.it\/de\/wp-json\/wp\/v2\/product_cat?post=1599824"},{"taxonomy":"product_tag","embeddable":true,"href":"https:\/\/dev6.erresse-shop.it\/de\/wp-json\/wp\/v2\/product_tag?post=1599824"}],"curies":[{"name":"wp","href":"https:\/\/api.w.org\/{rel}","templated":true}]}}