{"id":1599820,"date":"2026-04-12T12:30:20","date_gmt":"2026-04-12T10:30:20","guid":{"rendered":"https:\/\/dev6.erresse-shop.it\/shop\/unkategorisiert\/fratelli-desideri-masterchef-mistery-box-gli-gnocchetti-di-zio-bricco\/"},"modified":"2025-09-14T02:41:19","modified_gmt":"2025-09-14T00:41:19","slug":"fratelli-desideri-masterchef-mistery-box-gli-gnocchetti-di-zio-bricco","status":"publish","type":"product","link":"https:\/\/dev6.erresse-shop.it\/de\/shop\/food-de\/fratelli-desideri-masterchef-mistery-box-gli-gnocchetti-di-zio-bricco\/","title":{"rendered":"FRATELLI DESIDERI Masterchef Mistery Box Gli Gnocchetti di Zio Bricco"},"content":{"rendered":"<p>Endlich k\u00f6nnen Sie mit der einzigartigen und originellen MasterChef Italia Mystery Box das gro\u00dfe Gef\u00fchl des Kochens und Spa\u00dfes direkt in Ihrem Zuhause erleben! Eine einzigartige Gelegenheit, sich in der K\u00fcche zu testen und Gerichte wie ein echter Koch zu kreieren, mit hochwertigen Zutaten und inspiriert von der Kreativit\u00e4t und Leidenschaft, die die ber\u00fchmte Fernsehsendung auszeichnen.<\/p>\n<p>Die Person hinter dieser \u00fcberraschenden Mystery Box ist Francesco Aquila, Gewinner der zehnten Ausgabe von MasterChef Italia. Seine Erfahrung und sein Talent spiegeln sich perfekt in jedem Detail dieses exklusiven Pakets wider, das ein einzigartiges und unvergessliches gastronomisches Erlebnis bieten soll. Es ist eine wahre Geschmacksexplosion, die Sie \u00fcberraschen und neue Kombinationen und Aromen entdecken l\u00e4sst.<\/p>\n<p>Diese Mystery Box enth\u00e4lt ein exklusives GLUTENFREI-Rezept, das Ihnen wirklich unerwartete Gaumenerlebnisse bescheren soll. Die Kombination sorgf\u00e4ltig ausgew\u00e4hlter Zutaten macht jedes Ihrer Gerichte zu einem au\u00dfergew\u00f6hnlichen Sinneserlebnis, das selbst die anspruchsvollsten Gaumen \u00fcberraschen wird.<\/p>\n<p>Zu den Hauptzutaten dieses kulinarischen Meisterwerks z\u00e4hlen die schwarze Johannisbeere mit ihrer Frische und Leichtigkeit, der Kakao aus Ecuador, der reich und tief in seinen Aromen ist, und die Noten des wei\u00dfen Tr\u00fcffels, die mit ihrer Eleganz und Intensit\u00e4t die Perfektion des Gerichts abrunden . Zusammen ergeben diese Zutaten eine Geschmackssymphonie, die Ihre Sinne fesseln wird.<\/p>\n<p>Sind Sie bereit, sich mit einem Rezept zu testen, das Ihre Kochk\u00fcnste zum Leuchten bringt? Verpassen Sie nicht die Gelegenheit, die Spannung von MasterChef Italia mit der von Francesco Aquila entworfenen Mystery Box zu Ihnen nach Hause zu bringen.<\/p>\n<p>Produktdetails:<\/p>\n<p>Portionen: 4 Personen<br \/>\nVorbereitungszeit: 10 Min.<br \/>\nSchwierigkeitsgrad: Niedrig<\/p>\n","protected":false},"excerpt":{"rendered":"<p>Endlich k\u00f6nnen Sie mit der einzigartigen und originellen MasterChef Italia Mystery Box das gro\u00dfe Gef\u00fchl des Kochens und Spa\u00dfes direkt in Ihrem Zuhause erleben! Eine einzigartige Gelegenheit, sich in der K\u00fcche zu testen und Gerichte wie ein echter Koch zu kreieren, mit hochwertigen Zutaten und inspiriert von der Kreativit\u00e4t und Leidenschaft, die die ber\u00fchmte Fernsehsendung [&hellip;]<\/p>\n","protected":false},"featured_media":6373140,"template":"","meta":{"_acf_changed":false},"product_cat":[12157],"product_tag":[],"class_list":{"0":"post-1599820","1":"product","2":"type-product","3":"status-publish","4":"has-post-thumbnail","6":"product_cat-food-de","8":"first","9":"instock","10":"taxable","11":"shipping-taxable","12":"purchasable","13":"product-type-simple","swatches":"rey-swatches","show_selected":"","stretch_labels":"rey-swatches--stretch-labels"},"acf":[],"yoast_head":"<!-- This site is optimized with the Yoast SEO plugin v25.4 - https:\/\/yoast.com\/wordpress\/plugins\/seo\/ -->\n<title>FRATELLI DESIDERI Masterchef Mistery Box Gli Gnocchetti di Zio Bricco - dev6 Erresse<\/title>\n<meta name=\"description\" content=\"Endlich k\u00f6nnen Sie mit der einzigartigen und originellen MasterChef Italia Mystery Box das gro\u00dfe Gef\u00fchl des Kochens und Spa\u00dfes direkt in Ihrem Zuhause\" \/>\n<meta name=\"robots\" content=\"noindex, follow, max-snippet:-1, max-image-preview:large, max-video-preview:-1\" \/>\n<meta property=\"og:locale\" content=\"de_DE\" \/>\n<meta property=\"og:type\" content=\"article\" \/>\n<meta property=\"og:title\" content=\"FRATELLI DESIDERI Masterchef Mistery Box Gli Gnocchetti di Zio Bricco - dev6 Erresse\" \/>\n<meta property=\"og:description\" content=\"Endlich k\u00f6nnen Sie mit der einzigartigen und originellen MasterChef Italia Mystery Box das gro\u00dfe Gef\u00fchl des Kochens und Spa\u00dfes direkt in Ihrem Zuhause\" \/>\n<meta property=\"og:url\" content=\"https:\/\/dev6.erresse-shop.it\/de\/shop\/food-de\/fratelli-desideri-masterchef-mistery-box-gli-gnocchetti-di-zio-bricco\/\" \/>\n<meta property=\"og:site_name\" content=\"dev6 Erresse\" \/>\n<meta property=\"og:image\" content=\"https:\/\/interpim.erresse-shop.it\/Import\/Prodotti\/fratelli-desideri-masterchef-mistery-box-gli-gnocchetti-di-zio-bricco.jpg\" \/><meta property=\"og:image\" content=\"https:\/\/interpim.erresse-shop.it\/Import\/Prodotti\/fratelli-desideri-masterchef-mistery-box-gli-gnocchetti-di-zio-bricco.jpg\" \/>\n\t<meta property=\"og:image:width\" content=\"1024\" \/>\n\t<meta property=\"og:image:height\" content=\"1024\" \/>\n\t<meta property=\"og:image:type\" content=\"image\/jpeg\" \/>\n<meta name=\"twitter:card\" content=\"summary_large_image\" \/>\n<meta name=\"twitter:image\" content=\"https:\/\/interpim.erresse-shop.it\/Import\/Prodotti\/fratelli-desideri-masterchef-mistery-box-gli-gnocchetti-di-zio-bricco.jpg\" \/>\n<script type=\"application\/ld+json\" class=\"yoast-schema-graph\">{\"@context\":\"https:\/\/schema.org\",\"@graph\":[{\"@type\":\"WebPage\",\"@id\":\"https:\/\/dev6.erresse-shop.it\/de\/shop\/food-de\/fratelli-desideri-masterchef-mistery-box-gli-gnocchetti-di-zio-bricco\/\",\"url\":\"https:\/\/dev6.erresse-shop.it\/de\/shop\/food-de\/fratelli-desideri-masterchef-mistery-box-gli-gnocchetti-di-zio-bricco\/\",\"name\":\"FRATELLI DESIDERI Masterchef Mistery Box Gli Gnocchetti di Zio Bricco - dev6 Erresse\",\"isPartOf\":{\"@id\":\"https:\/\/dev6.erresse-shop.it\/#website\"},\"primaryImageOfPage\":{\"@id\":\"https:\/\/dev6.erresse-shop.it\/de\/shop\/food-de\/fratelli-desideri-masterchef-mistery-box-gli-gnocchetti-di-zio-bricco\/#primaryimage\"},\"image\":{\"@id\":\"https:\/\/dev6.erresse-shop.it\/de\/shop\/food-de\/fratelli-desideri-masterchef-mistery-box-gli-gnocchetti-di-zio-bricco\/#primaryimage\"},\"thumbnailUrl\":\"https:\/\/i2.wp.com\/interpim.erresse-shop.it\/Import\/Prodotti\/fratelli-desideri-masterchef-mistery-box-gli-gnocchetti-di-zio-bricco.jpg?ssl=1\",\"datePublished\":\"2026-04-12T10:30:20+00:00\",\"description\":\"Endlich k\u00f6nnen Sie mit der einzigartigen und originellen MasterChef Italia Mystery Box das gro\u00dfe Gef\u00fchl des Kochens und Spa\u00dfes direkt in Ihrem Zuhause\",\"breadcrumb\":{\"@id\":\"https:\/\/dev6.erresse-shop.it\/de\/shop\/food-de\/fratelli-desideri-masterchef-mistery-box-gli-gnocchetti-di-zio-bricco\/#breadcrumb\"},\"inLanguage\":\"de\",\"potentialAction\":[{\"@type\":\"ReadAction\",\"target\":[\"https:\/\/dev6.erresse-shop.it\/de\/shop\/food-de\/fratelli-desideri-masterchef-mistery-box-gli-gnocchetti-di-zio-bricco\/\"]}]},{\"@type\":\"ImageObject\",\"inLanguage\":\"de\",\"@id\":\"https:\/\/dev6.erresse-shop.it\/de\/shop\/food-de\/fratelli-desideri-masterchef-mistery-box-gli-gnocchetti-di-zio-bricco\/#primaryimage\",\"url\":\"https:\/\/i2.wp.com\/interpim.erresse-shop.it\/Import\/Prodotti\/fratelli-desideri-masterchef-mistery-box-gli-gnocchetti-di-zio-bricco.jpg?ssl=1\",\"contentUrl\":\"https:\/\/i2.wp.com\/interpim.erresse-shop.it\/Import\/Prodotti\/fratelli-desideri-masterchef-mistery-box-gli-gnocchetti-di-zio-bricco.jpg?ssl=1\"},{\"@type\":\"BreadcrumbList\",\"@id\":\"https:\/\/dev6.erresse-shop.it\/de\/shop\/food-de\/fratelli-desideri-masterchef-mistery-box-gli-gnocchetti-di-zio-bricco\/#breadcrumb\",\"itemListElement\":[{\"@type\":\"ListItem\",\"position\":1,\"name\":\"Home\",\"item\":\"https:\/\/dev6.erresse-shop.it\/\"},{\"@type\":\"ListItem\",\"position\":2,\"name\":\"Shop\",\"item\":\"https:\/\/dev6.erresse-shop.it\/shop\/\"},{\"@type\":\"ListItem\",\"position\":3,\"name\":\"FRATELLI DESIDERI Masterchef Mistery Box Gli Gnocchetti di Zio Bricco\"}]},{\"@type\":\"WebSite\",\"@id\":\"https:\/\/dev6.erresse-shop.it\/#website\",\"url\":\"https:\/\/dev6.erresse-shop.it\/\",\"name\":\"Erresse Shop\",\"description\":\"\",\"publisher\":{\"@id\":\"https:\/\/dev6.erresse-shop.it\/#organization\"},\"potentialAction\":[{\"@type\":\"SearchAction\",\"target\":{\"@type\":\"EntryPoint\",\"urlTemplate\":\"https:\/\/dev6.erresse-shop.it\/?s={search_term_string}\"},\"query-input\":{\"@type\":\"PropertyValueSpecification\",\"valueRequired\":true,\"valueName\":\"search_term_string\"}}],\"inLanguage\":\"de\"},{\"@type\":\"Organization\",\"@id\":\"https:\/\/dev6.erresse-shop.it\/#organization\",\"name\":\"Erresse Shop\",\"url\":\"https:\/\/dev6.erresse-shop.it\/\",\"logo\":{\"@type\":\"ImageObject\",\"inLanguage\":\"de\",\"@id\":\"https:\/\/dev6.erresse-shop.it\/#\/schema\/logo\/image\/\",\"url\":\"https:\/\/dev6.erresse-shop.it\/wp-content\/uploads\/2025\/01\/LOGO-ERRESSE-CLASSICO.svg\",\"contentUrl\":\"https:\/\/dev6.erresse-shop.it\/wp-content\/uploads\/2025\/01\/LOGO-ERRESSE-CLASSICO.svg\",\"caption\":\"Erresse Shop\"},\"image\":{\"@id\":\"https:\/\/dev6.erresse-shop.it\/#\/schema\/logo\/image\/\"}}]}<\/script>\n<!-- \/ Yoast SEO plugin. -->","yoast_head_json":{"title":"FRATELLI DESIDERI Masterchef Mistery Box Gli Gnocchetti di Zio Bricco - dev6 Erresse","description":"Endlich k\u00f6nnen Sie mit der einzigartigen und originellen MasterChef Italia Mystery Box das gro\u00dfe Gef\u00fchl des Kochens und Spa\u00dfes direkt in Ihrem Zuhause","robots":{"index":"noindex","follow":"follow","max-snippet":"max-snippet:-1","max-image-preview":"max-image-preview:large","max-video-preview":"max-video-preview:-1"},"og_locale":"de_DE","og_type":"article","og_title":"FRATELLI DESIDERI Masterchef Mistery Box Gli Gnocchetti di Zio Bricco - dev6 Erresse","og_description":"Endlich k\u00f6nnen Sie mit der einzigartigen und originellen MasterChef Italia Mystery Box das gro\u00dfe Gef\u00fchl des Kochens und Spa\u00dfes direkt in Ihrem Zuhause","og_url":"https:\/\/dev6.erresse-shop.it\/de\/shop\/food-de\/fratelli-desideri-masterchef-mistery-box-gli-gnocchetti-di-zio-bricco\/","og_site_name":"dev6 Erresse","og_image":[{"url":"https:\/\/interpim.erresse-shop.it\/Import\/Prodotti\/fratelli-desideri-masterchef-mistery-box-gli-gnocchetti-di-zio-bricco.jpg","type":"","width":"","height":""},{"url":"https:\/\/interpim.erresse-shop.it\/Import\/Prodotti\/fratelli-desideri-masterchef-mistery-box-gli-gnocchetti-di-zio-bricco.jpg","width":1024,"height":1024,"type":"image\/jpeg"}],"twitter_card":"summary_large_image","twitter_image":"https:\/\/interpim.erresse-shop.it\/Import\/Prodotti\/fratelli-desideri-masterchef-mistery-box-gli-gnocchetti-di-zio-bricco.jpg","schema":{"@context":"https:\/\/schema.org","@graph":[{"@type":"WebPage","@id":"https:\/\/dev6.erresse-shop.it\/de\/shop\/food-de\/fratelli-desideri-masterchef-mistery-box-gli-gnocchetti-di-zio-bricco\/","url":"https:\/\/dev6.erresse-shop.it\/de\/shop\/food-de\/fratelli-desideri-masterchef-mistery-box-gli-gnocchetti-di-zio-bricco\/","name":"FRATELLI DESIDERI Masterchef Mistery Box Gli Gnocchetti di Zio Bricco - dev6 Erresse","isPartOf":{"@id":"https:\/\/dev6.erresse-shop.it\/#website"},"primaryImageOfPage":{"@id":"https:\/\/dev6.erresse-shop.it\/de\/shop\/food-de\/fratelli-desideri-masterchef-mistery-box-gli-gnocchetti-di-zio-bricco\/#primaryimage"},"image":{"@id":"https:\/\/dev6.erresse-shop.it\/de\/shop\/food-de\/fratelli-desideri-masterchef-mistery-box-gli-gnocchetti-di-zio-bricco\/#primaryimage"},"thumbnailUrl":"https:\/\/i2.wp.com\/interpim.erresse-shop.it\/Import\/Prodotti\/fratelli-desideri-masterchef-mistery-box-gli-gnocchetti-di-zio-bricco.jpg?ssl=1","datePublished":"2026-04-12T10:30:20+00:00","description":"Endlich k\u00f6nnen Sie mit der einzigartigen und originellen MasterChef Italia Mystery Box das gro\u00dfe Gef\u00fchl des Kochens und Spa\u00dfes direkt in Ihrem Zuhause","breadcrumb":{"@id":"https:\/\/dev6.erresse-shop.it\/de\/shop\/food-de\/fratelli-desideri-masterchef-mistery-box-gli-gnocchetti-di-zio-bricco\/#breadcrumb"},"inLanguage":"de","potentialAction":[{"@type":"ReadAction","target":["https:\/\/dev6.erresse-shop.it\/de\/shop\/food-de\/fratelli-desideri-masterchef-mistery-box-gli-gnocchetti-di-zio-bricco\/"]}]},{"@type":"ImageObject","inLanguage":"de","@id":"https:\/\/dev6.erresse-shop.it\/de\/shop\/food-de\/fratelli-desideri-masterchef-mistery-box-gli-gnocchetti-di-zio-bricco\/#primaryimage","url":"https:\/\/i2.wp.com\/interpim.erresse-shop.it\/Import\/Prodotti\/fratelli-desideri-masterchef-mistery-box-gli-gnocchetti-di-zio-bricco.jpg?ssl=1","contentUrl":"https:\/\/i2.wp.com\/interpim.erresse-shop.it\/Import\/Prodotti\/fratelli-desideri-masterchef-mistery-box-gli-gnocchetti-di-zio-bricco.jpg?ssl=1"},{"@type":"BreadcrumbList","@id":"https:\/\/dev6.erresse-shop.it\/de\/shop\/food-de\/fratelli-desideri-masterchef-mistery-box-gli-gnocchetti-di-zio-bricco\/#breadcrumb","itemListElement":[{"@type":"ListItem","position":1,"name":"Home","item":"https:\/\/dev6.erresse-shop.it\/"},{"@type":"ListItem","position":2,"name":"Shop","item":"https:\/\/dev6.erresse-shop.it\/shop\/"},{"@type":"ListItem","position":3,"name":"FRATELLI DESIDERI Masterchef Mistery Box Gli Gnocchetti di Zio Bricco"}]},{"@type":"WebSite","@id":"https:\/\/dev6.erresse-shop.it\/#website","url":"https:\/\/dev6.erresse-shop.it\/","name":"Erresse Shop","description":"","publisher":{"@id":"https:\/\/dev6.erresse-shop.it\/#organization"},"potentialAction":[{"@type":"SearchAction","target":{"@type":"EntryPoint","urlTemplate":"https:\/\/dev6.erresse-shop.it\/?s={search_term_string}"},"query-input":{"@type":"PropertyValueSpecification","valueRequired":true,"valueName":"search_term_string"}}],"inLanguage":"de"},{"@type":"Organization","@id":"https:\/\/dev6.erresse-shop.it\/#organization","name":"Erresse Shop","url":"https:\/\/dev6.erresse-shop.it\/","logo":{"@type":"ImageObject","inLanguage":"de","@id":"https:\/\/dev6.erresse-shop.it\/#\/schema\/logo\/image\/","url":"https:\/\/dev6.erresse-shop.it\/wp-content\/uploads\/2025\/01\/LOGO-ERRESSE-CLASSICO.svg","contentUrl":"https:\/\/dev6.erresse-shop.it\/wp-content\/uploads\/2025\/01\/LOGO-ERRESSE-CLASSICO.svg","caption":"Erresse Shop"},"image":{"@id":"https:\/\/dev6.erresse-shop.it\/#\/schema\/logo\/image\/"}}]}},"df_price":48,"df_sale_price":"","df_regular_price":48,"df_image_link":"https:\/\/i2.wp.com\/interpim.erresse-shop.it\/Import\/Prodotti\/fratelli-desideri-masterchef-mistery-box-gli-gnocchetti-di-zio-bricco.jpg?resize=300,300&ssl=1","fifu_image_url":"https:\/\/interpim.erresse-shop.it\/Import\/Prodotti\/fratelli-desideri-masterchef-mistery-box-gli-gnocchetti-di-zio-bricco.jpg","_links":{"self":[{"href":"https:\/\/dev6.erresse-shop.it\/de\/wp-json\/wp\/v2\/product\/1599820","targetHints":{"allow":["GET"]}}],"collection":[{"href":"https:\/\/dev6.erresse-shop.it\/de\/wp-json\/wp\/v2\/product"}],"about":[{"href":"https:\/\/dev6.erresse-shop.it\/de\/wp-json\/wp\/v2\/types\/product"}],"wp:featuredmedia":[{"embeddable":true,"href":"https:\/\/dev6.erresse-shop.it\/de\/wp-json\/wp\/v2\/media\/6373140"}],"wp:attachment":[{"href":"https:\/\/dev6.erresse-shop.it\/de\/wp-json\/wp\/v2\/media?parent=1599820"}],"wp:term":[{"taxonomy":"product_cat","embeddable":true,"href":"https:\/\/dev6.erresse-shop.it\/de\/wp-json\/wp\/v2\/product_cat?post=1599820"},{"taxonomy":"product_tag","embeddable":true,"href":"https:\/\/dev6.erresse-shop.it\/de\/wp-json\/wp\/v2\/product_tag?post=1599820"}],"curies":[{"name":"wp","href":"https:\/\/api.w.org\/{rel}","templated":true}]}}