{"id":1599812,"date":"2026-04-10T13:08:50","date_gmt":"2026-04-10T11:08:50","guid":{"rendered":"https:\/\/dev6.erresse-shop.it\/shop\/unkategorisiert\/fratelli-desideri-le-cene-stellate-chef-carlo-cracco-loro-di-milano\/"},"modified":"2025-09-14T02:40:56","modified_gmt":"2025-09-14T00:40:56","slug":"fratelli-desideri-le-cene-stellate-chef-carlo-cracco-loro-di-milano","status":"publish","type":"product","link":"https:\/\/dev6.erresse-shop.it\/de\/shop\/food-de\/fratelli-desideri-le-cene-stellate-chef-carlo-cracco-loro-di-milano\/","title":{"rendered":"FRATELLI DESIDERI Le Cene Stellate Chef Carlo Cracco L&#8217;Oro di Milano"},"content":{"rendered":"<p>Carlo Cracco (6-Michelin-Sterne-Koch) signiert diese au\u00dfergew\u00f6hnliche Neuinterpretation des Risotto alla Milanese, eines Gerichts, das seine Wurzeln in der Geschichte der Mail\u00e4nder K\u00fcche hat und durch Interpretation des K\u00fcchenchefs, wird mit modernen und raffinierten Aromen bereichert. Das Originalrezept stammt aus dem Jahr 1574 und entstand am Tisch des Glasmachers Valerio di Fiandra, einer mit der Mail\u00e4nder Tradition verbundenen Pers\u00f6nlichkeit, die Safran verwendete  &gt; nicht nur zur Versch\u00f6nerung von Gerichten, sondern auch um den Fenstern des Mail\u00e4nder Doms eine au\u00dfergew\u00f6hnliche Farbe zu verleihen, ein Symbol f\u00fcr die Handwerkskunst der damaligen Zeit. Auch heute noch gl\u00e4nzt Safran, der im Laufe der Zeit zu einer der ikonischsten Zutaten der italienischen K\u00fcche geworden ist, in dieser gastronomischen Kreation und tr\u00e4gt das reiche Erbe eines historischen Gerichts in sich.<\/p>\n<p>Chefkoch Carlo hat sorgf\u00e4ltig die feinsten Rohstoffe ausgew\u00e4hlt, um eine moderne Version anzubieten, die jedoch absolut der Tradition treu bleibt. Jede Zutat wurde nicht nur aufgrund ihrer Qualit\u00e4t ausgew\u00e4hlt, sondern auch aufgrund ihrer F\u00e4higkeit, Sie auf eine einzigartige und unvergessliche Sinnesreise zu f\u00fchren, bei der jeder Bissen eine Geschichte von Leidenschaft, Meisterschaft und Raffinesse erz\u00e4hlt.<\/p>\n<p>Im Mittelpunkt dieses Rezepts steht Safran in Safranum-Stempeln, ein sehr hochwertiges Produkt, das im Herzen der Langhe angebaut wird, einem Land, das f\u00fcr seine landwirtschaftlichen Traditionen bekannt ist seine gastronomische Exzellenz. Sein zarter und aromatischer Geschmack wird durch die s\u00fc\u00dfen Noten des wertvollen ecuadorianischen Kakaos perfekt unterstrichen, die dem Gericht eine \u00fcberraschende Nuance von Tiefe und Intensit\u00e4t verleihen. Das Zusammentreffen dieser beiden Zutaten, die beide au\u00dferordentlich edel sind, macht Risotto zu einem einzigartigen Erlebnis, das schon beim ersten Geschmack Emotionen wecken kann.<\/p>\n<p>Um das Gericht weiter zu bereichern, wird das Risotto durch eine einzigartige Zubereitung von Fleischbr\u00fche, handgefertigt nach einem Geheimrezept aus dem fr\u00fchen 20. Jahrhundert, mit einer Delikatesse umh\u00fcllt, die die Aromen verst\u00e4rkt und ausbalanciert, ohne sie zu \u00fcbert\u00f6nen. Die langsame und sorgf\u00e4ltige Zubereitung dieser Br\u00fche, die Zeit braucht, um die Aromen perfekt zu vermischen, ist eine echte Hommage an die traditionelle K\u00fcche, die es versteht, Zeiten und Techniken zu respektieren, um etwas Au\u00dfergew\u00f6hnliches zu schaffen.<\/p>\n<p>Bei jedem Geschmack werden Sie die leicht s\u00e4uerliche Note des Apfelessigs wahrnehmen, der dem Gericht eine Frische verleiht, die die Reichhaltigkeit des Risottos ausgleicht, und das umh\u00fcllende Aroma der Fr\u00fchlingszwiebel-Brunoise \/strong&gt; &gt;, das eine s\u00fc\u00dfe und knackige Note hinzuf\u00fcgt und dieses Meisterwerk harmonisch abrundet. Jede Zutat spielt eine wesentliche Rolle f\u00fcr die Gesamtbalance des Gerichts und sorgt f\u00fcr eine Symphonie von Aromen, die perfekt miteinander harmonieren.<\/p>\n<p>Dieses neu interpretierte Risotto alla Milanese ist nicht nur ein Gericht, sondern ein echtes kulinarisches Erlebnis, bei dem Sie die Geschichte und Tradition der Mail\u00e4nder K\u00fcche genie\u00dfen k\u00f6nnen, bereichert durch die Meisterschaft von K\u00fcchenchef Carlo, der in der Lage ist, einen Klassiker zu verwandeln in einem gastronomischen Kunstwerk.<\/p>\n<p>Produktdetails:<\/p>\n<p>Portionen: 4 Personen<br \/>\nVorbereitungszeit: 25 Min.<br \/>\nSchwierigkeitsgrad: Niedrig<\/p>\n","protected":false},"excerpt":{"rendered":"<p>Carlo Cracco (6-Michelin-Sterne-Koch) signiert diese au\u00dfergew\u00f6hnliche Neuinterpretation des Risotto alla Milanese, eines Gerichts, das seine Wurzeln in der Geschichte der Mail\u00e4nder K\u00fcche hat und durch Interpretation des K\u00fcchenchefs, wird mit modernen und raffinierten Aromen bereichert. Das Originalrezept stammt aus dem Jahr 1574 und entstand am Tisch des Glasmachers Valerio di Fiandra, einer mit der Mail\u00e4nder [&hellip;]<\/p>\n","protected":false},"featured_media":6331468,"template":"","meta":{"_acf_changed":false},"product_cat":[12157],"product_tag":[],"class_list":{"0":"post-1599812","1":"product","2":"type-product","3":"status-publish","4":"has-post-thumbnail","6":"product_cat-food-de","8":"first","9":"instock","10":"sale","11":"taxable","12":"shipping-taxable","13":"purchasable","14":"product-type-simple","swatches":"rey-swatches","show_selected":"","stretch_labels":"rey-swatches--stretch-labels"},"acf":[],"yoast_head":"<!-- This site is optimized with the Yoast SEO plugin v25.4 - https:\/\/yoast.com\/wordpress\/plugins\/seo\/ -->\n<title>FRATELLI DESIDERI Le Cene Stellate Chef Carlo Cracco L&#8217;Oro di Milano - dev6 Erresse<\/title>\n<meta name=\"description\" content=\"Carlo Cracco (6-Michelin-Sterne-Koch) signiert diese au\u00dfergew\u00f6hnliche Neuinterpretation des Risotto alla Milanese, eines Gerichts, das seine Wurzeln in\" \/>\n<meta name=\"robots\" content=\"noindex, follow, max-snippet:-1, max-image-preview:large, max-video-preview:-1\" \/>\n<meta property=\"og:locale\" content=\"de_DE\" \/>\n<meta property=\"og:type\" content=\"article\" \/>\n<meta property=\"og:title\" content=\"FRATELLI DESIDERI Le Cene Stellate Chef Carlo Cracco L&#8217;Oro di Milano - dev6 Erresse\" \/>\n<meta property=\"og:description\" content=\"Carlo Cracco (6-Michelin-Sterne-Koch) signiert diese au\u00dfergew\u00f6hnliche Neuinterpretation des Risotto alla Milanese, eines Gerichts, das seine Wurzeln in\" \/>\n<meta property=\"og:url\" content=\"https:\/\/dev6.erresse-shop.it\/de\/shop\/food-de\/fratelli-desideri-le-cene-stellate-chef-carlo-cracco-loro-di-milano\/\" \/>\n<meta property=\"og:site_name\" content=\"dev6 Erresse\" \/>\n<meta property=\"og:image\" content=\"https:\/\/interpim.erresse-shop.it\/Import\/Prodotti\/fratelli-desideri-le-cene-stellate-loro-di-milano.jpg\" \/><meta property=\"og:image\" content=\"https:\/\/interpim.erresse-shop.it\/Import\/Prodotti\/fratelli-desideri-le-cene-stellate-loro-di-milano.jpg\" \/>\n\t<meta property=\"og:image:width\" content=\"1024\" \/>\n\t<meta property=\"og:image:height\" content=\"1024\" \/>\n\t<meta property=\"og:image:type\" content=\"image\/jpeg\" \/>\n<meta name=\"twitter:card\" content=\"summary_large_image\" \/>\n<meta name=\"twitter:image\" content=\"https:\/\/interpim.erresse-shop.it\/Import\/Prodotti\/fratelli-desideri-le-cene-stellate-loro-di-milano.jpg\" \/>\n<script type=\"application\/ld+json\" class=\"yoast-schema-graph\">{\"@context\":\"https:\/\/schema.org\",\"@graph\":[{\"@type\":\"WebPage\",\"@id\":\"https:\/\/dev6.erresse-shop.it\/de\/shop\/food-de\/fratelli-desideri-le-cene-stellate-chef-carlo-cracco-loro-di-milano\/\",\"url\":\"https:\/\/dev6.erresse-shop.it\/de\/shop\/food-de\/fratelli-desideri-le-cene-stellate-chef-carlo-cracco-loro-di-milano\/\",\"name\":\"FRATELLI DESIDERI Le Cene Stellate Chef Carlo Cracco L&#8217;Oro di Milano - dev6 Erresse\",\"isPartOf\":{\"@id\":\"https:\/\/dev6.erresse-shop.it\/#website\"},\"primaryImageOfPage\":{\"@id\":\"https:\/\/dev6.erresse-shop.it\/de\/shop\/food-de\/fratelli-desideri-le-cene-stellate-chef-carlo-cracco-loro-di-milano\/#primaryimage\"},\"image\":{\"@id\":\"https:\/\/dev6.erresse-shop.it\/de\/shop\/food-de\/fratelli-desideri-le-cene-stellate-chef-carlo-cracco-loro-di-milano\/#primaryimage\"},\"thumbnailUrl\":\"https:\/\/i3.wp.com\/interpim.erresse-shop.it\/Import\/Prodotti\/fratelli-desideri-le-cene-stellate-loro-di-milano.jpg?ssl=1\",\"datePublished\":\"2026-04-10T11:08:50+00:00\",\"description\":\"Carlo Cracco (6-Michelin-Sterne-Koch) signiert diese au\u00dfergew\u00f6hnliche Neuinterpretation des Risotto alla Milanese, eines Gerichts, das seine Wurzeln in\",\"breadcrumb\":{\"@id\":\"https:\/\/dev6.erresse-shop.it\/de\/shop\/food-de\/fratelli-desideri-le-cene-stellate-chef-carlo-cracco-loro-di-milano\/#breadcrumb\"},\"inLanguage\":\"de\",\"potentialAction\":[{\"@type\":\"ReadAction\",\"target\":[\"https:\/\/dev6.erresse-shop.it\/de\/shop\/food-de\/fratelli-desideri-le-cene-stellate-chef-carlo-cracco-loro-di-milano\/\"]}]},{\"@type\":\"ImageObject\",\"inLanguage\":\"de\",\"@id\":\"https:\/\/dev6.erresse-shop.it\/de\/shop\/food-de\/fratelli-desideri-le-cene-stellate-chef-carlo-cracco-loro-di-milano\/#primaryimage\",\"url\":\"https:\/\/i3.wp.com\/interpim.erresse-shop.it\/Import\/Prodotti\/fratelli-desideri-le-cene-stellate-loro-di-milano.jpg?ssl=1\",\"contentUrl\":\"https:\/\/i3.wp.com\/interpim.erresse-shop.it\/Import\/Prodotti\/fratelli-desideri-le-cene-stellate-loro-di-milano.jpg?ssl=1\"},{\"@type\":\"BreadcrumbList\",\"@id\":\"https:\/\/dev6.erresse-shop.it\/de\/shop\/food-de\/fratelli-desideri-le-cene-stellate-chef-carlo-cracco-loro-di-milano\/#breadcrumb\",\"itemListElement\":[{\"@type\":\"ListItem\",\"position\":1,\"name\":\"Home\",\"item\":\"https:\/\/dev6.erresse-shop.it\/\"},{\"@type\":\"ListItem\",\"position\":2,\"name\":\"Shop\",\"item\":\"https:\/\/dev6.erresse-shop.it\/shop\/\"},{\"@type\":\"ListItem\",\"position\":3,\"name\":\"FRATELLI DESIDERI Le Cene Stellate Chef Carlo Cracco L&#8217;Oro di Milano\"}]},{\"@type\":\"WebSite\",\"@id\":\"https:\/\/dev6.erresse-shop.it\/#website\",\"url\":\"https:\/\/dev6.erresse-shop.it\/\",\"name\":\"Erresse Shop\",\"description\":\"\",\"publisher\":{\"@id\":\"https:\/\/dev6.erresse-shop.it\/#organization\"},\"potentialAction\":[{\"@type\":\"SearchAction\",\"target\":{\"@type\":\"EntryPoint\",\"urlTemplate\":\"https:\/\/dev6.erresse-shop.it\/?s={search_term_string}\"},\"query-input\":{\"@type\":\"PropertyValueSpecification\",\"valueRequired\":true,\"valueName\":\"search_term_string\"}}],\"inLanguage\":\"de\"},{\"@type\":\"Organization\",\"@id\":\"https:\/\/dev6.erresse-shop.it\/#organization\",\"name\":\"Erresse Shop\",\"url\":\"https:\/\/dev6.erresse-shop.it\/\",\"logo\":{\"@type\":\"ImageObject\",\"inLanguage\":\"de\",\"@id\":\"https:\/\/dev6.erresse-shop.it\/#\/schema\/logo\/image\/\",\"url\":\"https:\/\/dev6.erresse-shop.it\/wp-content\/uploads\/2025\/01\/LOGO-ERRESSE-CLASSICO.svg\",\"contentUrl\":\"https:\/\/dev6.erresse-shop.it\/wp-content\/uploads\/2025\/01\/LOGO-ERRESSE-CLASSICO.svg\",\"caption\":\"Erresse Shop\"},\"image\":{\"@id\":\"https:\/\/dev6.erresse-shop.it\/#\/schema\/logo\/image\/\"}}]}<\/script>\n<!-- \/ Yoast SEO plugin. -->","yoast_head_json":{"title":"FRATELLI DESIDERI Le Cene Stellate Chef Carlo Cracco L&#8217;Oro di Milano - dev6 Erresse","description":"Carlo Cracco (6-Michelin-Sterne-Koch) signiert diese au\u00dfergew\u00f6hnliche Neuinterpretation des Risotto alla Milanese, eines Gerichts, das seine Wurzeln in","robots":{"index":"noindex","follow":"follow","max-snippet":"max-snippet:-1","max-image-preview":"max-image-preview:large","max-video-preview":"max-video-preview:-1"},"og_locale":"de_DE","og_type":"article","og_title":"FRATELLI DESIDERI Le Cene Stellate Chef Carlo Cracco L&#8217;Oro di Milano - dev6 Erresse","og_description":"Carlo Cracco (6-Michelin-Sterne-Koch) signiert diese au\u00dfergew\u00f6hnliche Neuinterpretation des Risotto alla Milanese, eines Gerichts, das seine Wurzeln in","og_url":"https:\/\/dev6.erresse-shop.it\/de\/shop\/food-de\/fratelli-desideri-le-cene-stellate-chef-carlo-cracco-loro-di-milano\/","og_site_name":"dev6 Erresse","og_image":[{"url":"https:\/\/interpim.erresse-shop.it\/Import\/Prodotti\/fratelli-desideri-le-cene-stellate-loro-di-milano.jpg","type":"","width":"","height":""},{"url":"https:\/\/interpim.erresse-shop.it\/Import\/Prodotti\/fratelli-desideri-le-cene-stellate-loro-di-milano.jpg","width":1024,"height":1024,"type":"image\/jpeg"}],"twitter_card":"summary_large_image","twitter_image":"https:\/\/interpim.erresse-shop.it\/Import\/Prodotti\/fratelli-desideri-le-cene-stellate-loro-di-milano.jpg","schema":{"@context":"https:\/\/schema.org","@graph":[{"@type":"WebPage","@id":"https:\/\/dev6.erresse-shop.it\/de\/shop\/food-de\/fratelli-desideri-le-cene-stellate-chef-carlo-cracco-loro-di-milano\/","url":"https:\/\/dev6.erresse-shop.it\/de\/shop\/food-de\/fratelli-desideri-le-cene-stellate-chef-carlo-cracco-loro-di-milano\/","name":"FRATELLI DESIDERI Le Cene Stellate Chef Carlo Cracco L&#8217;Oro di Milano - dev6 Erresse","isPartOf":{"@id":"https:\/\/dev6.erresse-shop.it\/#website"},"primaryImageOfPage":{"@id":"https:\/\/dev6.erresse-shop.it\/de\/shop\/food-de\/fratelli-desideri-le-cene-stellate-chef-carlo-cracco-loro-di-milano\/#primaryimage"},"image":{"@id":"https:\/\/dev6.erresse-shop.it\/de\/shop\/food-de\/fratelli-desideri-le-cene-stellate-chef-carlo-cracco-loro-di-milano\/#primaryimage"},"thumbnailUrl":"https:\/\/i3.wp.com\/interpim.erresse-shop.it\/Import\/Prodotti\/fratelli-desideri-le-cene-stellate-loro-di-milano.jpg?ssl=1","datePublished":"2026-04-10T11:08:50+00:00","description":"Carlo Cracco (6-Michelin-Sterne-Koch) signiert diese au\u00dfergew\u00f6hnliche Neuinterpretation des Risotto alla Milanese, eines Gerichts, das seine Wurzeln in","breadcrumb":{"@id":"https:\/\/dev6.erresse-shop.it\/de\/shop\/food-de\/fratelli-desideri-le-cene-stellate-chef-carlo-cracco-loro-di-milano\/#breadcrumb"},"inLanguage":"de","potentialAction":[{"@type":"ReadAction","target":["https:\/\/dev6.erresse-shop.it\/de\/shop\/food-de\/fratelli-desideri-le-cene-stellate-chef-carlo-cracco-loro-di-milano\/"]}]},{"@type":"ImageObject","inLanguage":"de","@id":"https:\/\/dev6.erresse-shop.it\/de\/shop\/food-de\/fratelli-desideri-le-cene-stellate-chef-carlo-cracco-loro-di-milano\/#primaryimage","url":"https:\/\/i3.wp.com\/interpim.erresse-shop.it\/Import\/Prodotti\/fratelli-desideri-le-cene-stellate-loro-di-milano.jpg?ssl=1","contentUrl":"https:\/\/i3.wp.com\/interpim.erresse-shop.it\/Import\/Prodotti\/fratelli-desideri-le-cene-stellate-loro-di-milano.jpg?ssl=1"},{"@type":"BreadcrumbList","@id":"https:\/\/dev6.erresse-shop.it\/de\/shop\/food-de\/fratelli-desideri-le-cene-stellate-chef-carlo-cracco-loro-di-milano\/#breadcrumb","itemListElement":[{"@type":"ListItem","position":1,"name":"Home","item":"https:\/\/dev6.erresse-shop.it\/"},{"@type":"ListItem","position":2,"name":"Shop","item":"https:\/\/dev6.erresse-shop.it\/shop\/"},{"@type":"ListItem","position":3,"name":"FRATELLI DESIDERI Le Cene Stellate Chef Carlo Cracco L&#8217;Oro di Milano"}]},{"@type":"WebSite","@id":"https:\/\/dev6.erresse-shop.it\/#website","url":"https:\/\/dev6.erresse-shop.it\/","name":"Erresse Shop","description":"","publisher":{"@id":"https:\/\/dev6.erresse-shop.it\/#organization"},"potentialAction":[{"@type":"SearchAction","target":{"@type":"EntryPoint","urlTemplate":"https:\/\/dev6.erresse-shop.it\/?s={search_term_string}"},"query-input":{"@type":"PropertyValueSpecification","valueRequired":true,"valueName":"search_term_string"}}],"inLanguage":"de"},{"@type":"Organization","@id":"https:\/\/dev6.erresse-shop.it\/#organization","name":"Erresse Shop","url":"https:\/\/dev6.erresse-shop.it\/","logo":{"@type":"ImageObject","inLanguage":"de","@id":"https:\/\/dev6.erresse-shop.it\/#\/schema\/logo\/image\/","url":"https:\/\/dev6.erresse-shop.it\/wp-content\/uploads\/2025\/01\/LOGO-ERRESSE-CLASSICO.svg","contentUrl":"https:\/\/dev6.erresse-shop.it\/wp-content\/uploads\/2025\/01\/LOGO-ERRESSE-CLASSICO.svg","caption":"Erresse Shop"},"image":{"@id":"https:\/\/dev6.erresse-shop.it\/#\/schema\/logo\/image\/"}}]}},"df_price":52.95,"df_sale_price":52.95,"df_regular_price":54,"df_image_link":"https:\/\/i3.wp.com\/interpim.erresse-shop.it\/Import\/Prodotti\/fratelli-desideri-le-cene-stellate-loro-di-milano.jpg?resize=300,300&ssl=1","fifu_image_url":"https:\/\/interpim.erresse-shop.it\/Import\/Prodotti\/fratelli-desideri-le-cene-stellate-loro-di-milano.jpg","_links":{"self":[{"href":"https:\/\/dev6.erresse-shop.it\/de\/wp-json\/wp\/v2\/product\/1599812","targetHints":{"allow":["GET"]}}],"collection":[{"href":"https:\/\/dev6.erresse-shop.it\/de\/wp-json\/wp\/v2\/product"}],"about":[{"href":"https:\/\/dev6.erresse-shop.it\/de\/wp-json\/wp\/v2\/types\/product"}],"wp:featuredmedia":[{"embeddable":true,"href":"https:\/\/dev6.erresse-shop.it\/de\/wp-json\/wp\/v2\/media\/6331468"}],"wp:attachment":[{"href":"https:\/\/dev6.erresse-shop.it\/de\/wp-json\/wp\/v2\/media?parent=1599812"}],"wp:term":[{"taxonomy":"product_cat","embeddable":true,"href":"https:\/\/dev6.erresse-shop.it\/de\/wp-json\/wp\/v2\/product_cat?post=1599812"},{"taxonomy":"product_tag","embeddable":true,"href":"https:\/\/dev6.erresse-shop.it\/de\/wp-json\/wp\/v2\/product_tag?post=1599812"}],"curies":[{"name":"wp","href":"https:\/\/api.w.org\/{rel}","templated":true}]}}