{"id":1599810,"date":"2026-04-12T12:28:05","date_gmt":"2026-04-12T10:28:05","guid":{"rendered":"https:\/\/dev6.erresse-shop.it\/shop\/unkategorisiert\/fratelli-desideri-le-cene-stellate-chef-tommaso-arrigoni-il-pesto-del-re\/"},"modified":"2025-09-14T02:40:52","modified_gmt":"2025-09-14T00:40:52","slug":"fratelli-desideri-le-cene-stellate-chef-tommaso-arrigoni-il-pesto-del-re","status":"publish","type":"product","link":"https:\/\/dev6.erresse-shop.it\/de\/shop\/food-de\/fratelli-desideri-le-cene-stellate-chef-tommaso-arrigoni-il-pesto-del-re\/","title":{"rendered":"FRATELLI DESIDERI Le Cene Stellate Chef Tommaso Arrigoni Il Pesto Del Re"},"content":{"rendered":"<p>Der gro\u00dfe Mail\u00e4nder Koch Tommaso Arrigoni (1 Michelin-Sternkoch), bekannt f\u00fcr seine Kreativit\u00e4t und seine F\u00e4higkeit, Tradition und Innovation zu verbinden, schenkt uns ein \u201eglutenfreies\u201c Meisterwerk der Haute Cuisine, das das nicht kann lass es gleichg\u00fcltig! Dieses spektakul\u00e4re Gericht kann selbst die anspruchsvollsten Gaumen erobern, auch diejenigen, die normalerweise klassische Hartweizennudeln genie\u00dfen. Seine Eleganz, seine Ausgewogenheit der Aromen und seine Raffinesse machen diese kulinarische Kreation zu einem einzigartigen Erlebnis, in das sich jeder, der sie probiert, in sie verlieben wird.<\/p>\n<p>Dieses Rezept stellt eine aristokratische Neuinterpretation der traditionellen Pasta mit Pesto dar, ein Gericht, das in seiner klassischen Version bei allen beliebt ist, das aber dank der fachm\u00e4nnischen Hand von Arrigoni neue Geschmacks- und Komplexit\u00e4tsdimensionen erh\u00e4lt. Verfeinert wird das Gericht mit einer edlen und raffinierten Zutat wie dem schwarzen Sommertr\u00fcffel, der ihm eine raffinierte Note und ein intensives Aroma verleiht, das perfekt mit dem Pesto harmoniert und jeden Bissen zu einem unvergleichlichen Sinneserlebnis macht.<\/p>\n<p>Was dieses Gericht noch \u00fcberraschender macht, ist die Zugabe von Johannisbeeren, die mit ihrem prickelnden und fruchtigen Geschmack einen frischen und originellen Kontrast zum reichen Aroma des Tr\u00fcffels bilden. Das Ergebnis ist eine Symphonie der Aromen, eine perfekte Balance zwischen Tradition und Moderne, die vom ersten Geschmack an \u00fcberrascht und erobert. Ein Gericht, das nicht nur eine Hommage an die italienische K\u00fcche ist, sondern auch eine mutige und moderne Interpretation, die \u00fcberraschend und faszinierend ist.<\/p>\n<p>Das von uns vorgeschlagene Meal Kit ist das Ergebnis einer exklusiven Zusammenarbeit mit dem Pastificio Massimo Zero, einem Spitzenunternehmen in der Herstellung glutenfreier Pasta. Diese Nudelfabrik, die Qualit\u00e4t und Authentizit\u00e4t zu ihrem Markenzeichen gemacht hat, produziert Nudeln mit einem authentischen, echten und reinen Geschmack. Die glutenfreien Nudeln werden aus den besten Mais- und Reismehlen hergestellt und mit dem Wasser und der Luft der besonders geeigneten Region Meran vermischt zur Herstellung hochwertiger Lebensmittel. Dieser handwerkliche Prozess garantiert ein erstklassiges, unverf\u00e4lschtes Produkt, das die G\u00fcte und Konsistenz traditioneller Pasta beibeh\u00e4lt, ohne auf Geschmack zu verzichten.<\/p>\n<p>Mit diesem Gericht probieren Sie nicht nur eine K\u00fcche, die Eleganz und Raffinesse vereint, sondern bieten Ihnen auch ein Produkt von h\u00f6chster Qualit\u00e4t, das auch diejenigen zufriedenstellt, die sich glutenfrei ern\u00e4hren, ohne Kompromisse beim Geschmack und der Authentizit\u00e4t der Zutaten einzugehen .<\/p>\n<p>Produktdetails:<\/p>\n<p>Portionen: 4 Personen<br \/>\nVorbereitungszeit: 15 Min.<br \/>\nSchwierigkeitsgrad: Niedrig<\/p>\n","protected":false},"excerpt":{"rendered":"<p>Der gro\u00dfe Mail\u00e4nder Koch Tommaso Arrigoni (1 Michelin-Sternkoch), bekannt f\u00fcr seine Kreativit\u00e4t und seine F\u00e4higkeit, Tradition und Innovation zu verbinden, schenkt uns ein \u201eglutenfreies\u201c Meisterwerk der Haute Cuisine, das das nicht kann lass es gleichg\u00fcltig! Dieses spektakul\u00e4re Gericht kann selbst die anspruchsvollsten Gaumen erobern, auch diejenigen, die normalerweise klassische Hartweizennudeln genie\u00dfen. Seine Eleganz, seine Ausgewogenheit [&hellip;]<\/p>\n","protected":false},"featured_media":6373093,"template":"","meta":{"_acf_changed":false},"product_cat":[12157],"product_tag":[],"class_list":{"0":"post-1599810","1":"product","2":"type-product","3":"status-publish","4":"has-post-thumbnail","6":"product_cat-food-de","8":"first","9":"instock","10":"sale","11":"taxable","12":"shipping-taxable","13":"purchasable","14":"product-type-simple","swatches":"rey-swatches","show_selected":"","stretch_labels":"rey-swatches--stretch-labels"},"acf":[],"yoast_head":"<!-- This site is optimized with the Yoast SEO plugin v25.4 - https:\/\/yoast.com\/wordpress\/plugins\/seo\/ -->\n<title>FRATELLI DESIDERI Le Cene Stellate Chef Tommaso Arrigoni Il Pesto Del Re - dev6 Erresse<\/title>\n<meta name=\"description\" content=\"Der gro\u00dfe Mail\u00e4nder Koch Tommaso Arrigoni (1 Michelin-Sternkoch), bekannt f\u00fcr seine Kreativit\u00e4t und seine F\u00e4higkeit, Tradition und Innovation zu\" \/>\n<meta name=\"robots\" content=\"noindex, follow, max-snippet:-1, max-image-preview:large, max-video-preview:-1\" \/>\n<meta property=\"og:locale\" content=\"de_DE\" \/>\n<meta property=\"og:type\" content=\"article\" \/>\n<meta property=\"og:title\" content=\"FRATELLI DESIDERI Le Cene Stellate Chef Tommaso Arrigoni Il Pesto Del Re - dev6 Erresse\" \/>\n<meta property=\"og:description\" content=\"Der gro\u00dfe Mail\u00e4nder Koch Tommaso Arrigoni (1 Michelin-Sternkoch), bekannt f\u00fcr seine Kreativit\u00e4t und seine F\u00e4higkeit, Tradition und Innovation zu\" \/>\n<meta property=\"og:url\" content=\"https:\/\/dev6.erresse-shop.it\/de\/shop\/food-de\/fratelli-desideri-le-cene-stellate-chef-tommaso-arrigoni-il-pesto-del-re\/\" \/>\n<meta property=\"og:site_name\" content=\"dev6 Erresse\" \/>\n<meta property=\"og:image\" content=\"https:\/\/interpim.erresse-shop.it\/Import\/Prodotti\/fratelli-desideri-le-cene-stellate-il-pesto-del-re.jpg\" \/><meta property=\"og:image\" content=\"https:\/\/interpim.erresse-shop.it\/Import\/Prodotti\/fratelli-desideri-le-cene-stellate-il-pesto-del-re.jpg\" \/>\n\t<meta property=\"og:image:width\" content=\"1024\" \/>\n\t<meta property=\"og:image:height\" content=\"1024\" \/>\n\t<meta property=\"og:image:type\" content=\"image\/jpeg\" \/>\n<meta name=\"twitter:card\" content=\"summary_large_image\" \/>\n<meta name=\"twitter:image\" content=\"https:\/\/interpim.erresse-shop.it\/Import\/Prodotti\/fratelli-desideri-le-cene-stellate-il-pesto-del-re.jpg\" \/>\n<script type=\"application\/ld+json\" class=\"yoast-schema-graph\">{\"@context\":\"https:\/\/schema.org\",\"@graph\":[{\"@type\":\"WebPage\",\"@id\":\"https:\/\/dev6.erresse-shop.it\/de\/shop\/food-de\/fratelli-desideri-le-cene-stellate-chef-tommaso-arrigoni-il-pesto-del-re\/\",\"url\":\"https:\/\/dev6.erresse-shop.it\/de\/shop\/food-de\/fratelli-desideri-le-cene-stellate-chef-tommaso-arrigoni-il-pesto-del-re\/\",\"name\":\"FRATELLI DESIDERI Le Cene Stellate Chef Tommaso Arrigoni Il Pesto Del Re - dev6 Erresse\",\"isPartOf\":{\"@id\":\"https:\/\/dev6.erresse-shop.it\/#website\"},\"primaryImageOfPage\":{\"@id\":\"https:\/\/dev6.erresse-shop.it\/de\/shop\/food-de\/fratelli-desideri-le-cene-stellate-chef-tommaso-arrigoni-il-pesto-del-re\/#primaryimage\"},\"image\":{\"@id\":\"https:\/\/dev6.erresse-shop.it\/de\/shop\/food-de\/fratelli-desideri-le-cene-stellate-chef-tommaso-arrigoni-il-pesto-del-re\/#primaryimage\"},\"thumbnailUrl\":\"https:\/\/i3.wp.com\/interpim.erresse-shop.it\/Import\/Prodotti\/fratelli-desideri-le-cene-stellate-il-pesto-del-re.jpg?ssl=1\",\"datePublished\":\"2026-04-12T10:28:05+00:00\",\"description\":\"Der gro\u00dfe Mail\u00e4nder Koch Tommaso Arrigoni (1 Michelin-Sternkoch), bekannt f\u00fcr seine Kreativit\u00e4t und seine F\u00e4higkeit, Tradition und Innovation zu\",\"breadcrumb\":{\"@id\":\"https:\/\/dev6.erresse-shop.it\/de\/shop\/food-de\/fratelli-desideri-le-cene-stellate-chef-tommaso-arrigoni-il-pesto-del-re\/#breadcrumb\"},\"inLanguage\":\"de\",\"potentialAction\":[{\"@type\":\"ReadAction\",\"target\":[\"https:\/\/dev6.erresse-shop.it\/de\/shop\/food-de\/fratelli-desideri-le-cene-stellate-chef-tommaso-arrigoni-il-pesto-del-re\/\"]}]},{\"@type\":\"ImageObject\",\"inLanguage\":\"de\",\"@id\":\"https:\/\/dev6.erresse-shop.it\/de\/shop\/food-de\/fratelli-desideri-le-cene-stellate-chef-tommaso-arrigoni-il-pesto-del-re\/#primaryimage\",\"url\":\"https:\/\/i3.wp.com\/interpim.erresse-shop.it\/Import\/Prodotti\/fratelli-desideri-le-cene-stellate-il-pesto-del-re.jpg?ssl=1\",\"contentUrl\":\"https:\/\/i3.wp.com\/interpim.erresse-shop.it\/Import\/Prodotti\/fratelli-desideri-le-cene-stellate-il-pesto-del-re.jpg?ssl=1\"},{\"@type\":\"BreadcrumbList\",\"@id\":\"https:\/\/dev6.erresse-shop.it\/de\/shop\/food-de\/fratelli-desideri-le-cene-stellate-chef-tommaso-arrigoni-il-pesto-del-re\/#breadcrumb\",\"itemListElement\":[{\"@type\":\"ListItem\",\"position\":1,\"name\":\"Home\",\"item\":\"https:\/\/dev6.erresse-shop.it\/\"},{\"@type\":\"ListItem\",\"position\":2,\"name\":\"Shop\",\"item\":\"https:\/\/dev6.erresse-shop.it\/shop\/\"},{\"@type\":\"ListItem\",\"position\":3,\"name\":\"FRATELLI DESIDERI Le Cene Stellate Chef Tommaso Arrigoni Il Pesto Del Re\"}]},{\"@type\":\"WebSite\",\"@id\":\"https:\/\/dev6.erresse-shop.it\/#website\",\"url\":\"https:\/\/dev6.erresse-shop.it\/\",\"name\":\"Erresse Shop\",\"description\":\"\",\"publisher\":{\"@id\":\"https:\/\/dev6.erresse-shop.it\/#organization\"},\"potentialAction\":[{\"@type\":\"SearchAction\",\"target\":{\"@type\":\"EntryPoint\",\"urlTemplate\":\"https:\/\/dev6.erresse-shop.it\/?s={search_term_string}\"},\"query-input\":{\"@type\":\"PropertyValueSpecification\",\"valueRequired\":true,\"valueName\":\"search_term_string\"}}],\"inLanguage\":\"de\"},{\"@type\":\"Organization\",\"@id\":\"https:\/\/dev6.erresse-shop.it\/#organization\",\"name\":\"Erresse Shop\",\"url\":\"https:\/\/dev6.erresse-shop.it\/\",\"logo\":{\"@type\":\"ImageObject\",\"inLanguage\":\"de\",\"@id\":\"https:\/\/dev6.erresse-shop.it\/#\/schema\/logo\/image\/\",\"url\":\"https:\/\/dev6.erresse-shop.it\/wp-content\/uploads\/2025\/01\/LOGO-ERRESSE-CLASSICO.svg\",\"contentUrl\":\"https:\/\/dev6.erresse-shop.it\/wp-content\/uploads\/2025\/01\/LOGO-ERRESSE-CLASSICO.svg\",\"caption\":\"Erresse Shop\"},\"image\":{\"@id\":\"https:\/\/dev6.erresse-shop.it\/#\/schema\/logo\/image\/\"}}]}<\/script>\n<!-- \/ Yoast SEO plugin. -->","yoast_head_json":{"title":"FRATELLI DESIDERI Le Cene Stellate Chef Tommaso Arrigoni Il Pesto Del Re - dev6 Erresse","description":"Der gro\u00dfe Mail\u00e4nder Koch Tommaso Arrigoni (1 Michelin-Sternkoch), bekannt f\u00fcr seine Kreativit\u00e4t und seine F\u00e4higkeit, Tradition und Innovation zu","robots":{"index":"noindex","follow":"follow","max-snippet":"max-snippet:-1","max-image-preview":"max-image-preview:large","max-video-preview":"max-video-preview:-1"},"og_locale":"de_DE","og_type":"article","og_title":"FRATELLI DESIDERI Le Cene Stellate Chef Tommaso Arrigoni Il Pesto Del Re - dev6 Erresse","og_description":"Der gro\u00dfe Mail\u00e4nder Koch Tommaso Arrigoni (1 Michelin-Sternkoch), bekannt f\u00fcr seine Kreativit\u00e4t und seine F\u00e4higkeit, Tradition und Innovation zu","og_url":"https:\/\/dev6.erresse-shop.it\/de\/shop\/food-de\/fratelli-desideri-le-cene-stellate-chef-tommaso-arrigoni-il-pesto-del-re\/","og_site_name":"dev6 Erresse","og_image":[{"url":"https:\/\/interpim.erresse-shop.it\/Import\/Prodotti\/fratelli-desideri-le-cene-stellate-il-pesto-del-re.jpg","type":"","width":"","height":""},{"url":"https:\/\/interpim.erresse-shop.it\/Import\/Prodotti\/fratelli-desideri-le-cene-stellate-il-pesto-del-re.jpg","width":1024,"height":1024,"type":"image\/jpeg"}],"twitter_card":"summary_large_image","twitter_image":"https:\/\/interpim.erresse-shop.it\/Import\/Prodotti\/fratelli-desideri-le-cene-stellate-il-pesto-del-re.jpg","schema":{"@context":"https:\/\/schema.org","@graph":[{"@type":"WebPage","@id":"https:\/\/dev6.erresse-shop.it\/de\/shop\/food-de\/fratelli-desideri-le-cene-stellate-chef-tommaso-arrigoni-il-pesto-del-re\/","url":"https:\/\/dev6.erresse-shop.it\/de\/shop\/food-de\/fratelli-desideri-le-cene-stellate-chef-tommaso-arrigoni-il-pesto-del-re\/","name":"FRATELLI DESIDERI Le Cene Stellate Chef Tommaso Arrigoni Il Pesto Del Re - dev6 Erresse","isPartOf":{"@id":"https:\/\/dev6.erresse-shop.it\/#website"},"primaryImageOfPage":{"@id":"https:\/\/dev6.erresse-shop.it\/de\/shop\/food-de\/fratelli-desideri-le-cene-stellate-chef-tommaso-arrigoni-il-pesto-del-re\/#primaryimage"},"image":{"@id":"https:\/\/dev6.erresse-shop.it\/de\/shop\/food-de\/fratelli-desideri-le-cene-stellate-chef-tommaso-arrigoni-il-pesto-del-re\/#primaryimage"},"thumbnailUrl":"https:\/\/i3.wp.com\/interpim.erresse-shop.it\/Import\/Prodotti\/fratelli-desideri-le-cene-stellate-il-pesto-del-re.jpg?ssl=1","datePublished":"2026-04-12T10:28:05+00:00","description":"Der gro\u00dfe Mail\u00e4nder Koch Tommaso Arrigoni (1 Michelin-Sternkoch), bekannt f\u00fcr seine Kreativit\u00e4t und seine F\u00e4higkeit, Tradition und Innovation zu","breadcrumb":{"@id":"https:\/\/dev6.erresse-shop.it\/de\/shop\/food-de\/fratelli-desideri-le-cene-stellate-chef-tommaso-arrigoni-il-pesto-del-re\/#breadcrumb"},"inLanguage":"de","potentialAction":[{"@type":"ReadAction","target":["https:\/\/dev6.erresse-shop.it\/de\/shop\/food-de\/fratelli-desideri-le-cene-stellate-chef-tommaso-arrigoni-il-pesto-del-re\/"]}]},{"@type":"ImageObject","inLanguage":"de","@id":"https:\/\/dev6.erresse-shop.it\/de\/shop\/food-de\/fratelli-desideri-le-cene-stellate-chef-tommaso-arrigoni-il-pesto-del-re\/#primaryimage","url":"https:\/\/i3.wp.com\/interpim.erresse-shop.it\/Import\/Prodotti\/fratelli-desideri-le-cene-stellate-il-pesto-del-re.jpg?ssl=1","contentUrl":"https:\/\/i3.wp.com\/interpim.erresse-shop.it\/Import\/Prodotti\/fratelli-desideri-le-cene-stellate-il-pesto-del-re.jpg?ssl=1"},{"@type":"BreadcrumbList","@id":"https:\/\/dev6.erresse-shop.it\/de\/shop\/food-de\/fratelli-desideri-le-cene-stellate-chef-tommaso-arrigoni-il-pesto-del-re\/#breadcrumb","itemListElement":[{"@type":"ListItem","position":1,"name":"Home","item":"https:\/\/dev6.erresse-shop.it\/"},{"@type":"ListItem","position":2,"name":"Shop","item":"https:\/\/dev6.erresse-shop.it\/shop\/"},{"@type":"ListItem","position":3,"name":"FRATELLI DESIDERI Le Cene Stellate Chef Tommaso Arrigoni Il Pesto Del Re"}]},{"@type":"WebSite","@id":"https:\/\/dev6.erresse-shop.it\/#website","url":"https:\/\/dev6.erresse-shop.it\/","name":"Erresse Shop","description":"","publisher":{"@id":"https:\/\/dev6.erresse-shop.it\/#organization"},"potentialAction":[{"@type":"SearchAction","target":{"@type":"EntryPoint","urlTemplate":"https:\/\/dev6.erresse-shop.it\/?s={search_term_string}"},"query-input":{"@type":"PropertyValueSpecification","valueRequired":true,"valueName":"search_term_string"}}],"inLanguage":"de"},{"@type":"Organization","@id":"https:\/\/dev6.erresse-shop.it\/#organization","name":"Erresse Shop","url":"https:\/\/dev6.erresse-shop.it\/","logo":{"@type":"ImageObject","inLanguage":"de","@id":"https:\/\/dev6.erresse-shop.it\/#\/schema\/logo\/image\/","url":"https:\/\/dev6.erresse-shop.it\/wp-content\/uploads\/2025\/01\/LOGO-ERRESSE-CLASSICO.svg","contentUrl":"https:\/\/dev6.erresse-shop.it\/wp-content\/uploads\/2025\/01\/LOGO-ERRESSE-CLASSICO.svg","caption":"Erresse Shop"},"image":{"@id":"https:\/\/dev6.erresse-shop.it\/#\/schema\/logo\/image\/"}}]}},"df_price":56.95,"df_sale_price":56.95,"df_regular_price":63,"df_image_link":"https:\/\/i3.wp.com\/interpim.erresse-shop.it\/Import\/Prodotti\/fratelli-desideri-le-cene-stellate-il-pesto-del-re.jpg?resize=300,300&ssl=1","fifu_image_url":"https:\/\/interpim.erresse-shop.it\/Import\/Prodotti\/fratelli-desideri-le-cene-stellate-il-pesto-del-re.jpg","_links":{"self":[{"href":"https:\/\/dev6.erresse-shop.it\/de\/wp-json\/wp\/v2\/product\/1599810","targetHints":{"allow":["GET"]}}],"collection":[{"href":"https:\/\/dev6.erresse-shop.it\/de\/wp-json\/wp\/v2\/product"}],"about":[{"href":"https:\/\/dev6.erresse-shop.it\/de\/wp-json\/wp\/v2\/types\/product"}],"wp:featuredmedia":[{"embeddable":true,"href":"https:\/\/dev6.erresse-shop.it\/de\/wp-json\/wp\/v2\/media\/6373093"}],"wp:attachment":[{"href":"https:\/\/dev6.erresse-shop.it\/de\/wp-json\/wp\/v2\/media?parent=1599810"}],"wp:term":[{"taxonomy":"product_cat","embeddable":true,"href":"https:\/\/dev6.erresse-shop.it\/de\/wp-json\/wp\/v2\/product_cat?post=1599810"},{"taxonomy":"product_tag","embeddable":true,"href":"https:\/\/dev6.erresse-shop.it\/de\/wp-json\/wp\/v2\/product_tag?post=1599810"}],"curies":[{"name":"wp","href":"https:\/\/api.w.org\/{rel}","templated":true}]}}