{"id":1599800,"date":"2026-04-04T12:25:19","date_gmt":"2026-04-04T10:25:19","guid":{"rendered":"https:\/\/dev6.erresse-shop.it\/shop\/unkategorisiert\/zwilling-coltello-da-verdura-8-cm-professional-s-2\/"},"modified":"2025-09-14T02:40:23","modified_gmt":"2025-09-14T00:40:23","slug":"zwilling-coltello-da-verdura-8-cm-professional-s","status":"publish","type":"product","link":"https:\/\/dev6.erresse-shop.it\/de\/shop\/kuche\/messer\/kuechenmesser\/zwilling-coltello-da-verdura-8-cm-professional-s\/","title":{"rendered":"ZWILLING Coltello da verdura 8 cm Professional S"},"content":{"rendered":"<p>Das vielseitige ZWILLING Gem\u00fcsemesser erfreut sich bereits bei Profik\u00f6chen auf der ganzen Welt gro\u00dfer Beliebtheit. Mit seiner stabilen Klinge, der glatten Schneide und der stabilen Spitze k\u00f6nnen Sie Obst und Gem\u00fcse gekonnt und m\u00fchelos putzen, sch\u00e4len und schneiden. Das Gem\u00fcsemesser ist eine unverzichtbare Erg\u00e4nzung zu den Messern jeder modernen, gesundheitsbewussten K\u00fcche. Das SIGMAFORGE\u00ae-Messer zeichnet sich durch eine feine Schmiedearbeit aus einem einzigen St\u00fcck ZWILLING-Spezialformelstahl aus, der die Chrom- und Kohlenstoffanteile optimal vereint. Die FRIODUR\u00ae-Klinge wird einer speziellen kryogenen H\u00e4rtung unterzogen, die Ihrem Gem\u00fcsemesser eine besonders scharfe, korrosionsbest\u00e4ndige und flexible Klinge verleiht. Eine einwandfreie Geometrie und eine pr\u00e4zise Kante machen das Schneiden von Obst und Gem\u00fcse einfacher und schneller. Mit einem soliden durchgehenden Kunststoffgriff liegt das 8 cm lange Messer auch bei l\u00e4ngeren Arbeiten angenehm in der Hand. Der Knoten verhindert ein Abrutschen der Finger, w\u00e4hrend die durchgehende Oberfl\u00e4che bis zum Griff f\u00fcr eine komfortable und einfache Handhabung sorgt. Das kompakte Mehrzweckmesser aus der FOUR STAR\u00ae-Reihe ist vielseitig einsetzbar, erf\u00fcllt wichtige Bed\u00fcrfnisse und ist daher ideal f\u00fcr die t\u00e4gliche Essenszubereitung.<\/p>\n<p>Mit FRIODUR\u00ae kryogener H\u00e4rtung behandelte Klinge f\u00fcr au\u00dfergew\u00f6hnliche Kanten- und Korrosionsbest\u00e4ndigkeit.<br \/>\nSpezialformel aus Edelstahl, ZWILLING-Materialien mit spezieller Zusammensetzung: Diese Messer sind robust, korrosionsbest\u00e4ndig und flexibel zugleich.<br \/>\nSIGMAFORGE\u00ae Messer \u2013 Feingeschmiedet aus einem St\u00fcck<br \/>\nDurchgehende Oberfl\u00e4che vom Griff bis zur Klinge.<br \/>\nErgonomischer Kunststoffgriff: F\u00fcr eine einfache und sichere Handhabung des Messers.<\/p>\n","protected":false},"excerpt":{"rendered":"<p>Das vielseitige ZWILLING Gem\u00fcsemesser erfreut sich bereits bei Profik\u00f6chen auf der ganzen Welt gro\u00dfer Beliebtheit. Mit seiner stabilen Klinge, der glatten Schneide und der stabilen Spitze k\u00f6nnen Sie Obst und Gem\u00fcse gekonnt und m\u00fchelos putzen, sch\u00e4len und schneiden. Das Gem\u00fcsemesser ist eine unverzichtbare Erg\u00e4nzung zu den Messern jeder modernen, gesundheitsbewussten K\u00fcche. Das SIGMAFORGE\u00ae-Messer zeichnet sich [&hellip;]<\/p>\n","protected":false},"featured_media":6289807,"template":"","meta":{"_acf_changed":false},"product_cat":[12100,12105],"product_tag":[],"class_list":{"0":"post-1599800","1":"product","2":"type-product","3":"status-publish","4":"has-post-thumbnail","6":"product_cat-kuche","7":"product_cat-kuechenmesser","9":"first","10":"instock","11":"taxable","12":"shipping-taxable","13":"purchasable","14":"product-type-simple","swatches":"rey-swatches","show_selected":"","stretch_labels":"rey-swatches--stretch-labels"},"acf":[],"yoast_head":"<!-- This site is optimized with the Yoast SEO plugin v25.4 - https:\/\/yoast.com\/wordpress\/plugins\/seo\/ -->\n<title>ZWILLING Coltello da verdura 8 cm Professional S - dev6 Erresse<\/title>\n<meta name=\"description\" content=\"Das vielseitige ZWILLING Gem\u00fcsemesser erfreut sich bereits bei Profik\u00f6chen auf der ganzen Welt gro\u00dfer Beliebtheit. Mit seiner stabilen Klinge, der glatten\" \/>\n<meta name=\"robots\" content=\"noindex, follow, max-snippet:-1, max-image-preview:large, max-video-preview:-1\" \/>\n<meta property=\"og:locale\" content=\"de_DE\" \/>\n<meta property=\"og:type\" content=\"article\" \/>\n<meta property=\"og:title\" content=\"ZWILLING Coltello da verdura 8 cm Professional S - dev6 Erresse\" \/>\n<meta property=\"og:description\" content=\"Das vielseitige ZWILLING Gem\u00fcsemesser erfreut sich bereits bei Profik\u00f6chen auf der ganzen Welt gro\u00dfer Beliebtheit. Mit seiner stabilen Klinge, der glatten\" \/>\n<meta property=\"og:url\" content=\"https:\/\/dev6.erresse-shop.it\/de\/shop\/kuche\/messer\/kuechenmesser\/zwilling-coltello-da-verdura-8-cm-professional-s\/\" \/>\n<meta property=\"og:site_name\" content=\"dev6 Erresse\" \/>\n<meta property=\"og:image\" content=\"https:\/\/interpim.erresse-shop.it\/img-catalogo\/zwilling\/zwilling-coltello-da-verdura-8-cm-professional-s.jpg\" \/><meta property=\"og:image\" content=\"https:\/\/interpim.erresse-shop.it\/img-catalogo\/zwilling\/zwilling-coltello-da-verdura-8-cm-professional-s.jpg\" \/>\n\t<meta property=\"og:image:width\" content=\"1024\" \/>\n\t<meta property=\"og:image:height\" content=\"1024\" \/>\n\t<meta property=\"og:image:type\" content=\"image\/jpeg\" \/>\n<meta name=\"twitter:card\" content=\"summary_large_image\" \/>\n<meta name=\"twitter:image\" content=\"https:\/\/interpim.erresse-shop.it\/img-catalogo\/zwilling\/zwilling-coltello-da-verdura-8-cm-professional-s.jpg\" \/>\n<script type=\"application\/ld+json\" class=\"yoast-schema-graph\">{\"@context\":\"https:\/\/schema.org\",\"@graph\":[{\"@type\":\"WebPage\",\"@id\":\"https:\/\/dev6.erresse-shop.it\/de\/shop\/kuche\/messer\/kuechenmesser\/zwilling-coltello-da-verdura-8-cm-professional-s\/\",\"url\":\"https:\/\/dev6.erresse-shop.it\/de\/shop\/kuche\/messer\/kuechenmesser\/zwilling-coltello-da-verdura-8-cm-professional-s\/\",\"name\":\"ZWILLING Coltello da verdura 8 cm Professional S - dev6 Erresse\",\"isPartOf\":{\"@id\":\"https:\/\/dev6.erresse-shop.it\/#website\"},\"primaryImageOfPage\":{\"@id\":\"https:\/\/dev6.erresse-shop.it\/de\/shop\/kuche\/messer\/kuechenmesser\/zwilling-coltello-da-verdura-8-cm-professional-s\/#primaryimage\"},\"image\":{\"@id\":\"https:\/\/dev6.erresse-shop.it\/de\/shop\/kuche\/messer\/kuechenmesser\/zwilling-coltello-da-verdura-8-cm-professional-s\/#primaryimage\"},\"thumbnailUrl\":\"https:\/\/i3.wp.com\/interpim.erresse-shop.it\/img-catalogo\/zwilling\/zwilling-coltello-da-verdura-8-cm-professional-s.jpg?ssl=1\",\"datePublished\":\"2026-04-04T10:25:19+00:00\",\"description\":\"Das vielseitige ZWILLING Gem\u00fcsemesser erfreut sich bereits bei Profik\u00f6chen auf der ganzen Welt gro\u00dfer Beliebtheit. Mit seiner stabilen Klinge, der glatten\",\"breadcrumb\":{\"@id\":\"https:\/\/dev6.erresse-shop.it\/de\/shop\/kuche\/messer\/kuechenmesser\/zwilling-coltello-da-verdura-8-cm-professional-s\/#breadcrumb\"},\"inLanguage\":\"de\",\"potentialAction\":[{\"@type\":\"ReadAction\",\"target\":[\"https:\/\/dev6.erresse-shop.it\/de\/shop\/kuche\/messer\/kuechenmesser\/zwilling-coltello-da-verdura-8-cm-professional-s\/\"]}]},{\"@type\":\"ImageObject\",\"inLanguage\":\"de\",\"@id\":\"https:\/\/dev6.erresse-shop.it\/de\/shop\/kuche\/messer\/kuechenmesser\/zwilling-coltello-da-verdura-8-cm-professional-s\/#primaryimage\",\"url\":\"https:\/\/i3.wp.com\/interpim.erresse-shop.it\/img-catalogo\/zwilling\/zwilling-coltello-da-verdura-8-cm-professional-s.jpg?ssl=1\",\"contentUrl\":\"https:\/\/i3.wp.com\/interpim.erresse-shop.it\/img-catalogo\/zwilling\/zwilling-coltello-da-verdura-8-cm-professional-s.jpg?ssl=1\"},{\"@type\":\"BreadcrumbList\",\"@id\":\"https:\/\/dev6.erresse-shop.it\/de\/shop\/kuche\/messer\/kuechenmesser\/zwilling-coltello-da-verdura-8-cm-professional-s\/#breadcrumb\",\"itemListElement\":[{\"@type\":\"ListItem\",\"position\":1,\"name\":\"Home\",\"item\":\"https:\/\/dev6.erresse-shop.it\/\"},{\"@type\":\"ListItem\",\"position\":2,\"name\":\"Shop\",\"item\":\"https:\/\/dev6.erresse-shop.it\/shop\/\"},{\"@type\":\"ListItem\",\"position\":3,\"name\":\"ZWILLING Coltello da verdura 8 cm Professional S\"}]},{\"@type\":\"WebSite\",\"@id\":\"https:\/\/dev6.erresse-shop.it\/#website\",\"url\":\"https:\/\/dev6.erresse-shop.it\/\",\"name\":\"Erresse Shop\",\"description\":\"\",\"publisher\":{\"@id\":\"https:\/\/dev6.erresse-shop.it\/#organization\"},\"potentialAction\":[{\"@type\":\"SearchAction\",\"target\":{\"@type\":\"EntryPoint\",\"urlTemplate\":\"https:\/\/dev6.erresse-shop.it\/?s={search_term_string}\"},\"query-input\":{\"@type\":\"PropertyValueSpecification\",\"valueRequired\":true,\"valueName\":\"search_term_string\"}}],\"inLanguage\":\"de\"},{\"@type\":\"Organization\",\"@id\":\"https:\/\/dev6.erresse-shop.it\/#organization\",\"name\":\"Erresse Shop\",\"url\":\"https:\/\/dev6.erresse-shop.it\/\",\"logo\":{\"@type\":\"ImageObject\",\"inLanguage\":\"de\",\"@id\":\"https:\/\/dev6.erresse-shop.it\/#\/schema\/logo\/image\/\",\"url\":\"https:\/\/dev6.erresse-shop.it\/wp-content\/uploads\/2025\/01\/LOGO-ERRESSE-CLASSICO.svg\",\"contentUrl\":\"https:\/\/dev6.erresse-shop.it\/wp-content\/uploads\/2025\/01\/LOGO-ERRESSE-CLASSICO.svg\",\"caption\":\"Erresse Shop\"},\"image\":{\"@id\":\"https:\/\/dev6.erresse-shop.it\/#\/schema\/logo\/image\/\"}}]}<\/script>\n<!-- \/ Yoast SEO plugin. -->","yoast_head_json":{"title":"ZWILLING Coltello da verdura 8 cm Professional S - dev6 Erresse","description":"Das vielseitige ZWILLING Gem\u00fcsemesser erfreut sich bereits bei Profik\u00f6chen auf der ganzen Welt gro\u00dfer Beliebtheit. Mit seiner stabilen Klinge, der glatten","robots":{"index":"noindex","follow":"follow","max-snippet":"max-snippet:-1","max-image-preview":"max-image-preview:large","max-video-preview":"max-video-preview:-1"},"og_locale":"de_DE","og_type":"article","og_title":"ZWILLING Coltello da verdura 8 cm Professional S - dev6 Erresse","og_description":"Das vielseitige ZWILLING Gem\u00fcsemesser erfreut sich bereits bei Profik\u00f6chen auf der ganzen Welt gro\u00dfer Beliebtheit. Mit seiner stabilen Klinge, der glatten","og_url":"https:\/\/dev6.erresse-shop.it\/de\/shop\/kuche\/messer\/kuechenmesser\/zwilling-coltello-da-verdura-8-cm-professional-s\/","og_site_name":"dev6 Erresse","og_image":[{"url":"https:\/\/interpim.erresse-shop.it\/img-catalogo\/zwilling\/zwilling-coltello-da-verdura-8-cm-professional-s.jpg","type":"","width":"","height":""},{"url":"https:\/\/interpim.erresse-shop.it\/img-catalogo\/zwilling\/zwilling-coltello-da-verdura-8-cm-professional-s.jpg","width":1024,"height":1024,"type":"image\/jpeg"}],"twitter_card":"summary_large_image","twitter_image":"https:\/\/interpim.erresse-shop.it\/img-catalogo\/zwilling\/zwilling-coltello-da-verdura-8-cm-professional-s.jpg","schema":{"@context":"https:\/\/schema.org","@graph":[{"@type":"WebPage","@id":"https:\/\/dev6.erresse-shop.it\/de\/shop\/kuche\/messer\/kuechenmesser\/zwilling-coltello-da-verdura-8-cm-professional-s\/","url":"https:\/\/dev6.erresse-shop.it\/de\/shop\/kuche\/messer\/kuechenmesser\/zwilling-coltello-da-verdura-8-cm-professional-s\/","name":"ZWILLING Coltello da verdura 8 cm Professional S - dev6 Erresse","isPartOf":{"@id":"https:\/\/dev6.erresse-shop.it\/#website"},"primaryImageOfPage":{"@id":"https:\/\/dev6.erresse-shop.it\/de\/shop\/kuche\/messer\/kuechenmesser\/zwilling-coltello-da-verdura-8-cm-professional-s\/#primaryimage"},"image":{"@id":"https:\/\/dev6.erresse-shop.it\/de\/shop\/kuche\/messer\/kuechenmesser\/zwilling-coltello-da-verdura-8-cm-professional-s\/#primaryimage"},"thumbnailUrl":"https:\/\/i3.wp.com\/interpim.erresse-shop.it\/img-catalogo\/zwilling\/zwilling-coltello-da-verdura-8-cm-professional-s.jpg?ssl=1","datePublished":"2026-04-04T10:25:19+00:00","description":"Das vielseitige ZWILLING Gem\u00fcsemesser erfreut sich bereits bei Profik\u00f6chen auf der ganzen Welt gro\u00dfer Beliebtheit. Mit seiner stabilen Klinge, der glatten","breadcrumb":{"@id":"https:\/\/dev6.erresse-shop.it\/de\/shop\/kuche\/messer\/kuechenmesser\/zwilling-coltello-da-verdura-8-cm-professional-s\/#breadcrumb"},"inLanguage":"de","potentialAction":[{"@type":"ReadAction","target":["https:\/\/dev6.erresse-shop.it\/de\/shop\/kuche\/messer\/kuechenmesser\/zwilling-coltello-da-verdura-8-cm-professional-s\/"]}]},{"@type":"ImageObject","inLanguage":"de","@id":"https:\/\/dev6.erresse-shop.it\/de\/shop\/kuche\/messer\/kuechenmesser\/zwilling-coltello-da-verdura-8-cm-professional-s\/#primaryimage","url":"https:\/\/i3.wp.com\/interpim.erresse-shop.it\/img-catalogo\/zwilling\/zwilling-coltello-da-verdura-8-cm-professional-s.jpg?ssl=1","contentUrl":"https:\/\/i3.wp.com\/interpim.erresse-shop.it\/img-catalogo\/zwilling\/zwilling-coltello-da-verdura-8-cm-professional-s.jpg?ssl=1"},{"@type":"BreadcrumbList","@id":"https:\/\/dev6.erresse-shop.it\/de\/shop\/kuche\/messer\/kuechenmesser\/zwilling-coltello-da-verdura-8-cm-professional-s\/#breadcrumb","itemListElement":[{"@type":"ListItem","position":1,"name":"Home","item":"https:\/\/dev6.erresse-shop.it\/"},{"@type":"ListItem","position":2,"name":"Shop","item":"https:\/\/dev6.erresse-shop.it\/shop\/"},{"@type":"ListItem","position":3,"name":"ZWILLING Coltello da verdura 8 cm Professional S"}]},{"@type":"WebSite","@id":"https:\/\/dev6.erresse-shop.it\/#website","url":"https:\/\/dev6.erresse-shop.it\/","name":"Erresse Shop","description":"","publisher":{"@id":"https:\/\/dev6.erresse-shop.it\/#organization"},"potentialAction":[{"@type":"SearchAction","target":{"@type":"EntryPoint","urlTemplate":"https:\/\/dev6.erresse-shop.it\/?s={search_term_string}"},"query-input":{"@type":"PropertyValueSpecification","valueRequired":true,"valueName":"search_term_string"}}],"inLanguage":"de"},{"@type":"Organization","@id":"https:\/\/dev6.erresse-shop.it\/#organization","name":"Erresse Shop","url":"https:\/\/dev6.erresse-shop.it\/","logo":{"@type":"ImageObject","inLanguage":"de","@id":"https:\/\/dev6.erresse-shop.it\/#\/schema\/logo\/image\/","url":"https:\/\/dev6.erresse-shop.it\/wp-content\/uploads\/2025\/01\/LOGO-ERRESSE-CLASSICO.svg","contentUrl":"https:\/\/dev6.erresse-shop.it\/wp-content\/uploads\/2025\/01\/LOGO-ERRESSE-CLASSICO.svg","caption":"Erresse Shop"},"image":{"@id":"https:\/\/dev6.erresse-shop.it\/#\/schema\/logo\/image\/"}}]}},"df_price":47.95,"df_sale_price":"","df_regular_price":47.95,"df_image_link":"https:\/\/i3.wp.com\/interpim.erresse-shop.it\/img-catalogo\/zwilling\/zwilling-coltello-da-verdura-8-cm-professional-s.jpg?resize=300,300&ssl=1","fifu_image_url":"https:\/\/interpim.erresse-shop.it\/img-catalogo\/zwilling\/zwilling-coltello-da-verdura-8-cm-professional-s.jpg","_links":{"self":[{"href":"https:\/\/dev6.erresse-shop.it\/de\/wp-json\/wp\/v2\/product\/1599800","targetHints":{"allow":["GET"]}}],"collection":[{"href":"https:\/\/dev6.erresse-shop.it\/de\/wp-json\/wp\/v2\/product"}],"about":[{"href":"https:\/\/dev6.erresse-shop.it\/de\/wp-json\/wp\/v2\/types\/product"}],"wp:featuredmedia":[{"embeddable":true,"href":"https:\/\/dev6.erresse-shop.it\/de\/wp-json\/wp\/v2\/media\/6289807"}],"wp:attachment":[{"href":"https:\/\/dev6.erresse-shop.it\/de\/wp-json\/wp\/v2\/media?parent=1599800"}],"wp:term":[{"taxonomy":"product_cat","embeddable":true,"href":"https:\/\/dev6.erresse-shop.it\/de\/wp-json\/wp\/v2\/product_cat?post=1599800"},{"taxonomy":"product_tag","embeddable":true,"href":"https:\/\/dev6.erresse-shop.it\/de\/wp-json\/wp\/v2\/product_tag?post=1599800"}],"curies":[{"name":"wp","href":"https:\/\/api.w.org\/{rel}","templated":true}]}}