{"id":1599766,"date":"2026-04-12T12:25:35","date_gmt":"2026-04-12T10:25:35","guid":{"rendered":"https:\/\/dev6.erresse-shop.it\/shop\/unkategorisiert\/yaxell-super-gou-ypsilon-santoku-165-cm-2\/"},"modified":"2025-09-14T02:38:55","modified_gmt":"2025-09-14T00:38:55","slug":"yaxell-super-gou-ypsilon-santoku-165-cm","status":"publish","type":"product","link":"https:\/\/dev6.erresse-shop.it\/de\/shop\/kuche\/messer\/kuechenmesser\/yaxell-super-gou-ypsilon-santoku-165-cm\/","title":{"rendered":"YAXELL Super Gou Ypsilon Santoku 16,5 cm"},"content":{"rendered":"<p>Das Yaxell Super GOU YPSILON ist ein Messer in Santoku-Form, das zum Schneiden von Gem\u00fcse, W\u00fcrfeln und Zerkleinern aller Arten von Obst, Gem\u00fcse, Fleisch und Fisch geeignet ist.<\/p>\n<p>Yaxell Super Gou Ypsilon<br \/>\nwurde als gehobenes Modell des Super GOU-Modells mit 161 Lagen entwickelt, dem Messer Nr. 1 2016 von WIKI VID USA. Vom in Japan hergestellten Kern aus gesintertem SG2-Mikrokarbid-Edelstahl \u00fcber die 193-fach beschichtete Klinge bis hin zum eleganten schwarzen Canvas-Mi-Papiergriff mit eingelegtem Samurai-Familienwappen enth\u00e4lt das Produkt alle Elemente, die es zu einem der besten K\u00fcchenmesser machen. Die H\u00e4rte der Klinge betr\u00e4gt 63 Rockwell. Au\u00dfergew\u00f6hnlich sch\u00f6n und perfekt verarbeitet, bietet das Yaxell Super GOU YPSILON eine hervorragende Leistung und ist ein Vergn\u00fcgen zu verwenden. Auf der Klinge sind vier japanische Schriftzeichen eingraviert, die \u201cSuper GOU, der Geist der Samurai\u201d bedeuten. YPSI- LON \u2013 der Name des neuen Modells \u2013 leitet sich vom Buchstaben Y\u201d in der deutschen Sprache ab. Das Y steht f\u00fcr das Yaxell-Logo. Wird mit einer sch\u00f6nen Katana-Holzscheide geliefert.<\/p>\n<p>Hergestellt in Japan<\/p>\n","protected":false},"excerpt":{"rendered":"<p>Das Yaxell Super GOU YPSILON ist ein Messer in Santoku-Form, das zum Schneiden von Gem\u00fcse, W\u00fcrfeln und Zerkleinern aller Arten von Obst, Gem\u00fcse, Fleisch und Fisch geeignet ist. Yaxell Super Gou Ypsilon wurde als gehobenes Modell des Super GOU-Modells mit 161 Lagen entwickelt, dem Messer Nr. 1 2016 von WIKI VID USA. Vom in Japan [&hellip;]<\/p>\n","protected":false},"featured_media":6372844,"template":"","meta":{"_acf_changed":false},"product_cat":[12100,12105],"product_tag":[],"class_list":{"0":"post-1599766","1":"product","2":"type-product","3":"status-publish","4":"has-post-thumbnail","6":"product_cat-kuche","7":"product_cat-kuechenmesser","9":"first","10":"instock","11":"taxable","12":"shipping-taxable","13":"purchasable","14":"product-type-simple","swatches":"rey-swatches","show_selected":"","stretch_labels":"rey-swatches--stretch-labels"},"acf":[],"yoast_head":"<!-- This site is optimized with the Yoast SEO plugin v25.4 - https:\/\/yoast.com\/wordpress\/plugins\/seo\/ -->\n<title>YAXELL Super Gou Ypsilon Santoku 16,5 cm - dev6 Erresse<\/title>\n<meta name=\"description\" content=\"Das Yaxell Super GOU YPSILON ist ein Messer in Santoku-Form, das zum Schneiden von Gem\u00fcse, W\u00fcrfeln und Zerkleinern aller Arten von Obst, Gem\u00fcse, Fleisch\" \/>\n<meta name=\"robots\" content=\"noindex, follow, max-snippet:-1, max-image-preview:large, max-video-preview:-1\" \/>\n<meta property=\"og:locale\" content=\"de_DE\" \/>\n<meta property=\"og:type\" content=\"article\" \/>\n<meta property=\"og:title\" content=\"YAXELL Super Gou Ypsilon Santoku 16,5 cm - dev6 Erresse\" \/>\n<meta property=\"og:description\" content=\"Das Yaxell Super GOU YPSILON ist ein Messer in Santoku-Form, das zum Schneiden von Gem\u00fcse, W\u00fcrfeln und Zerkleinern aller Arten von Obst, Gem\u00fcse, Fleisch\" \/>\n<meta property=\"og:url\" content=\"https:\/\/dev6.erresse-shop.it\/de\/shop\/kuche\/messer\/kuechenmesser\/yaxell-super-gou-ypsilon-santoku-165-cm\/\" \/>\n<meta property=\"og:site_name\" content=\"dev6 Erresse\" \/>\n<meta property=\"og:image\" content=\"https:\/\/interpim.erresse-shop.it\/img-catalogo\/yaxell\/yaxell-super-gou-ypsilon-coltello-santoku-165-cm-1.jpg\" \/><meta property=\"og:image\" content=\"https:\/\/interpim.erresse-shop.it\/img-catalogo\/yaxell\/yaxell-super-gou-ypsilon-coltello-santoku-165-cm-1.jpg\" \/>\n\t<meta property=\"og:image:width\" content=\"1024\" \/>\n\t<meta property=\"og:image:height\" content=\"1024\" \/>\n\t<meta property=\"og:image:type\" content=\"image\/jpeg\" \/>\n<meta name=\"twitter:card\" content=\"summary_large_image\" \/>\n<meta name=\"twitter:image\" content=\"https:\/\/interpim.erresse-shop.it\/img-catalogo\/yaxell\/yaxell-super-gou-ypsilon-coltello-santoku-165-cm-1.jpg\" \/>\n<script type=\"application\/ld+json\" class=\"yoast-schema-graph\">{\"@context\":\"https:\/\/schema.org\",\"@graph\":[{\"@type\":\"WebPage\",\"@id\":\"https:\/\/dev6.erresse-shop.it\/de\/shop\/kuche\/messer\/kuechenmesser\/yaxell-super-gou-ypsilon-santoku-165-cm\/\",\"url\":\"https:\/\/dev6.erresse-shop.it\/de\/shop\/kuche\/messer\/kuechenmesser\/yaxell-super-gou-ypsilon-santoku-165-cm\/\",\"name\":\"YAXELL Super Gou Ypsilon Santoku 16,5 cm - dev6 Erresse\",\"isPartOf\":{\"@id\":\"https:\/\/dev6.erresse-shop.it\/#website\"},\"primaryImageOfPage\":{\"@id\":\"https:\/\/dev6.erresse-shop.it\/de\/shop\/kuche\/messer\/kuechenmesser\/yaxell-super-gou-ypsilon-santoku-165-cm\/#primaryimage\"},\"image\":{\"@id\":\"https:\/\/dev6.erresse-shop.it\/de\/shop\/kuche\/messer\/kuechenmesser\/yaxell-super-gou-ypsilon-santoku-165-cm\/#primaryimage\"},\"thumbnailUrl\":\"https:\/\/i0.wp.com\/interpim.erresse-shop.it\/img-catalogo\/yaxell\/yaxell-super-gou-ypsilon-coltello-santoku-165-cm-1.jpg?ssl=1\",\"datePublished\":\"2026-04-12T10:25:35+00:00\",\"description\":\"Das Yaxell Super GOU YPSILON ist ein Messer in Santoku-Form, das zum Schneiden von Gem\u00fcse, W\u00fcrfeln und Zerkleinern aller Arten von Obst, Gem\u00fcse, Fleisch\",\"breadcrumb\":{\"@id\":\"https:\/\/dev6.erresse-shop.it\/de\/shop\/kuche\/messer\/kuechenmesser\/yaxell-super-gou-ypsilon-santoku-165-cm\/#breadcrumb\"},\"inLanguage\":\"de\",\"potentialAction\":[{\"@type\":\"ReadAction\",\"target\":[\"https:\/\/dev6.erresse-shop.it\/de\/shop\/kuche\/messer\/kuechenmesser\/yaxell-super-gou-ypsilon-santoku-165-cm\/\"]}]},{\"@type\":\"ImageObject\",\"inLanguage\":\"de\",\"@id\":\"https:\/\/dev6.erresse-shop.it\/de\/shop\/kuche\/messer\/kuechenmesser\/yaxell-super-gou-ypsilon-santoku-165-cm\/#primaryimage\",\"url\":\"https:\/\/i0.wp.com\/interpim.erresse-shop.it\/img-catalogo\/yaxell\/yaxell-super-gou-ypsilon-coltello-santoku-165-cm-1.jpg?ssl=1\",\"contentUrl\":\"https:\/\/i0.wp.com\/interpim.erresse-shop.it\/img-catalogo\/yaxell\/yaxell-super-gou-ypsilon-coltello-santoku-165-cm-1.jpg?ssl=1\"},{\"@type\":\"BreadcrumbList\",\"@id\":\"https:\/\/dev6.erresse-shop.it\/de\/shop\/kuche\/messer\/kuechenmesser\/yaxell-super-gou-ypsilon-santoku-165-cm\/#breadcrumb\",\"itemListElement\":[{\"@type\":\"ListItem\",\"position\":1,\"name\":\"Home\",\"item\":\"https:\/\/dev6.erresse-shop.it\/\"},{\"@type\":\"ListItem\",\"position\":2,\"name\":\"Shop\",\"item\":\"https:\/\/dev6.erresse-shop.it\/shop\/\"},{\"@type\":\"ListItem\",\"position\":3,\"name\":\"YAXELL Super Gou Ypsilon Santoku 16,5 cm\"}]},{\"@type\":\"WebSite\",\"@id\":\"https:\/\/dev6.erresse-shop.it\/#website\",\"url\":\"https:\/\/dev6.erresse-shop.it\/\",\"name\":\"Erresse Shop\",\"description\":\"\",\"publisher\":{\"@id\":\"https:\/\/dev6.erresse-shop.it\/#organization\"},\"potentialAction\":[{\"@type\":\"SearchAction\",\"target\":{\"@type\":\"EntryPoint\",\"urlTemplate\":\"https:\/\/dev6.erresse-shop.it\/?s={search_term_string}\"},\"query-input\":{\"@type\":\"PropertyValueSpecification\",\"valueRequired\":true,\"valueName\":\"search_term_string\"}}],\"inLanguage\":\"de\"},{\"@type\":\"Organization\",\"@id\":\"https:\/\/dev6.erresse-shop.it\/#organization\",\"name\":\"Erresse Shop\",\"url\":\"https:\/\/dev6.erresse-shop.it\/\",\"logo\":{\"@type\":\"ImageObject\",\"inLanguage\":\"de\",\"@id\":\"https:\/\/dev6.erresse-shop.it\/#\/schema\/logo\/image\/\",\"url\":\"https:\/\/dev6.erresse-shop.it\/wp-content\/uploads\/2025\/01\/LOGO-ERRESSE-CLASSICO.svg\",\"contentUrl\":\"https:\/\/dev6.erresse-shop.it\/wp-content\/uploads\/2025\/01\/LOGO-ERRESSE-CLASSICO.svg\",\"caption\":\"Erresse Shop\"},\"image\":{\"@id\":\"https:\/\/dev6.erresse-shop.it\/#\/schema\/logo\/image\/\"}}]}<\/script>\n<!-- \/ Yoast SEO plugin. -->","yoast_head_json":{"title":"YAXELL Super Gou Ypsilon Santoku 16,5 cm - dev6 Erresse","description":"Das Yaxell Super GOU YPSILON ist ein Messer in Santoku-Form, das zum Schneiden von Gem\u00fcse, W\u00fcrfeln und Zerkleinern aller Arten von Obst, Gem\u00fcse, Fleisch","robots":{"index":"noindex","follow":"follow","max-snippet":"max-snippet:-1","max-image-preview":"max-image-preview:large","max-video-preview":"max-video-preview:-1"},"og_locale":"de_DE","og_type":"article","og_title":"YAXELL Super Gou Ypsilon Santoku 16,5 cm - dev6 Erresse","og_description":"Das Yaxell Super GOU YPSILON ist ein Messer in Santoku-Form, das zum Schneiden von Gem\u00fcse, W\u00fcrfeln und Zerkleinern aller Arten von Obst, Gem\u00fcse, Fleisch","og_url":"https:\/\/dev6.erresse-shop.it\/de\/shop\/kuche\/messer\/kuechenmesser\/yaxell-super-gou-ypsilon-santoku-165-cm\/","og_site_name":"dev6 Erresse","og_image":[{"url":"https:\/\/interpim.erresse-shop.it\/img-catalogo\/yaxell\/yaxell-super-gou-ypsilon-coltello-santoku-165-cm-1.jpg","type":"","width":"","height":""},{"url":"https:\/\/interpim.erresse-shop.it\/img-catalogo\/yaxell\/yaxell-super-gou-ypsilon-coltello-santoku-165-cm-1.jpg","width":1024,"height":1024,"type":"image\/jpeg"}],"twitter_card":"summary_large_image","twitter_image":"https:\/\/interpim.erresse-shop.it\/img-catalogo\/yaxell\/yaxell-super-gou-ypsilon-coltello-santoku-165-cm-1.jpg","schema":{"@context":"https:\/\/schema.org","@graph":[{"@type":"WebPage","@id":"https:\/\/dev6.erresse-shop.it\/de\/shop\/kuche\/messer\/kuechenmesser\/yaxell-super-gou-ypsilon-santoku-165-cm\/","url":"https:\/\/dev6.erresse-shop.it\/de\/shop\/kuche\/messer\/kuechenmesser\/yaxell-super-gou-ypsilon-santoku-165-cm\/","name":"YAXELL Super Gou Ypsilon Santoku 16,5 cm - dev6 Erresse","isPartOf":{"@id":"https:\/\/dev6.erresse-shop.it\/#website"},"primaryImageOfPage":{"@id":"https:\/\/dev6.erresse-shop.it\/de\/shop\/kuche\/messer\/kuechenmesser\/yaxell-super-gou-ypsilon-santoku-165-cm\/#primaryimage"},"image":{"@id":"https:\/\/dev6.erresse-shop.it\/de\/shop\/kuche\/messer\/kuechenmesser\/yaxell-super-gou-ypsilon-santoku-165-cm\/#primaryimage"},"thumbnailUrl":"https:\/\/i0.wp.com\/interpim.erresse-shop.it\/img-catalogo\/yaxell\/yaxell-super-gou-ypsilon-coltello-santoku-165-cm-1.jpg?ssl=1","datePublished":"2026-04-12T10:25:35+00:00","description":"Das Yaxell Super GOU YPSILON ist ein Messer in Santoku-Form, das zum Schneiden von Gem\u00fcse, W\u00fcrfeln und Zerkleinern aller Arten von Obst, Gem\u00fcse, Fleisch","breadcrumb":{"@id":"https:\/\/dev6.erresse-shop.it\/de\/shop\/kuche\/messer\/kuechenmesser\/yaxell-super-gou-ypsilon-santoku-165-cm\/#breadcrumb"},"inLanguage":"de","potentialAction":[{"@type":"ReadAction","target":["https:\/\/dev6.erresse-shop.it\/de\/shop\/kuche\/messer\/kuechenmesser\/yaxell-super-gou-ypsilon-santoku-165-cm\/"]}]},{"@type":"ImageObject","inLanguage":"de","@id":"https:\/\/dev6.erresse-shop.it\/de\/shop\/kuche\/messer\/kuechenmesser\/yaxell-super-gou-ypsilon-santoku-165-cm\/#primaryimage","url":"https:\/\/i0.wp.com\/interpim.erresse-shop.it\/img-catalogo\/yaxell\/yaxell-super-gou-ypsilon-coltello-santoku-165-cm-1.jpg?ssl=1","contentUrl":"https:\/\/i0.wp.com\/interpim.erresse-shop.it\/img-catalogo\/yaxell\/yaxell-super-gou-ypsilon-coltello-santoku-165-cm-1.jpg?ssl=1"},{"@type":"BreadcrumbList","@id":"https:\/\/dev6.erresse-shop.it\/de\/shop\/kuche\/messer\/kuechenmesser\/yaxell-super-gou-ypsilon-santoku-165-cm\/#breadcrumb","itemListElement":[{"@type":"ListItem","position":1,"name":"Home","item":"https:\/\/dev6.erresse-shop.it\/"},{"@type":"ListItem","position":2,"name":"Shop","item":"https:\/\/dev6.erresse-shop.it\/shop\/"},{"@type":"ListItem","position":3,"name":"YAXELL Super Gou Ypsilon Santoku 16,5 cm"}]},{"@type":"WebSite","@id":"https:\/\/dev6.erresse-shop.it\/#website","url":"https:\/\/dev6.erresse-shop.it\/","name":"Erresse Shop","description":"","publisher":{"@id":"https:\/\/dev6.erresse-shop.it\/#organization"},"potentialAction":[{"@type":"SearchAction","target":{"@type":"EntryPoint","urlTemplate":"https:\/\/dev6.erresse-shop.it\/?s={search_term_string}"},"query-input":{"@type":"PropertyValueSpecification","valueRequired":true,"valueName":"search_term_string"}}],"inLanguage":"de"},{"@type":"Organization","@id":"https:\/\/dev6.erresse-shop.it\/#organization","name":"Erresse Shop","url":"https:\/\/dev6.erresse-shop.it\/","logo":{"@type":"ImageObject","inLanguage":"de","@id":"https:\/\/dev6.erresse-shop.it\/#\/schema\/logo\/image\/","url":"https:\/\/dev6.erresse-shop.it\/wp-content\/uploads\/2025\/01\/LOGO-ERRESSE-CLASSICO.svg","contentUrl":"https:\/\/dev6.erresse-shop.it\/wp-content\/uploads\/2025\/01\/LOGO-ERRESSE-CLASSICO.svg","caption":"Erresse Shop"},"image":{"@id":"https:\/\/dev6.erresse-shop.it\/#\/schema\/logo\/image\/"}}]}},"df_price":599,"df_sale_price":"","df_regular_price":599,"df_image_link":"https:\/\/i0.wp.com\/interpim.erresse-shop.it\/img-catalogo\/yaxell\/yaxell-super-gou-ypsilon-coltello-santoku-165-cm-1.jpg?resize=300,300&ssl=1","fifu_image_url":"https:\/\/interpim.erresse-shop.it\/img-catalogo\/yaxell\/yaxell-super-gou-ypsilon-coltello-santoku-165-cm-1.jpg","_links":{"self":[{"href":"https:\/\/dev6.erresse-shop.it\/de\/wp-json\/wp\/v2\/product\/1599766","targetHints":{"allow":["GET"]}}],"collection":[{"href":"https:\/\/dev6.erresse-shop.it\/de\/wp-json\/wp\/v2\/product"}],"about":[{"href":"https:\/\/dev6.erresse-shop.it\/de\/wp-json\/wp\/v2\/types\/product"}],"wp:featuredmedia":[{"embeddable":true,"href":"https:\/\/dev6.erresse-shop.it\/de\/wp-json\/wp\/v2\/media\/6372844"}],"wp:attachment":[{"href":"https:\/\/dev6.erresse-shop.it\/de\/wp-json\/wp\/v2\/media?parent=1599766"}],"wp:term":[{"taxonomy":"product_cat","embeddable":true,"href":"https:\/\/dev6.erresse-shop.it\/de\/wp-json\/wp\/v2\/product_cat?post=1599766"},{"taxonomy":"product_tag","embeddable":true,"href":"https:\/\/dev6.erresse-shop.it\/de\/wp-json\/wp\/v2\/product_tag?post=1599766"}],"curies":[{"name":"wp","href":"https:\/\/api.w.org\/{rel}","templated":true}]}}