{"id":1599756,"date":"2026-04-12T12:25:35","date_gmt":"2026-04-12T10:25:35","guid":{"rendered":"https:\/\/dev6.erresse-shop.it\/shop\/unkategorisiert\/yaxell-super-gou-kochmesser-20-cm-2\/"},"modified":"2025-09-14T02:38:32","modified_gmt":"2025-09-14T00:38:32","slug":"yaxell-super-gou-kochmesser-20-cm","status":"publish","type":"product","link":"https:\/\/dev6.erresse-shop.it\/de\/shop\/kuche\/messer\/kuechenmesser\/yaxell-super-gou-kochmesser-20-cm\/","title":{"rendered":"YAXELL Super Gou Kochmesser 20 cm"},"content":{"rendered":"<p>Das Yaxell Super Gou Kochmesser ist ein japanisches Kochmesser mit einer 20 cm langen Klinge. Dieses Messer ist ein echter Allrounder in der K\u00fcche. Es ist gro\u00df genug, um eine gro\u00dfe Menge an Gem\u00fcse, Fleisch und Fisch zu schneiden. Trotz der L\u00e4nge der Klinge ist das Messer leicht zu f\u00fchren. Das liegt an der guten Balance und der rasiermesserscharfen Klinge. Das Messer ist auch ideal zum Hacken von Kr\u00e4utern, Zerkleinern von Pfefferk\u00f6rnern und Sch\u00e4len von Knoblauchzehen.<\/p>\n<p>Yaxell Super Gou Klinge: 161 Lagen Damaszenerstahl<br \/>\nDie Klinge des Yaxell Super Gou K\u00fcchenmessers besteht aus 161 Lagen Damaszenerstahl. Eine ungew\u00f6hnliche Menge? Keineswegs! Denn jede Seite der Klinge besteht aus 80 Lagen rostfreiem Damaszenerstahl, dazwischen befindet sich ein steinharter SG2-Pulverstahlkern. Diese Kombination macht die Messer rasiermesserscharf, rostfrei und umwerfend sch\u00f6n.<\/p>\n<p>Damaszenerstahl besteht aus zwei rostfreien St\u00e4hlen, die in Schichten zusammengeschmiedet werden. Diese beiden Stahlsorten haben einen unterschiedlichen Kohlenstoffgehalt, was dazu f\u00fchrt, dass der Stahl je nach Gravur eine andere Farbe annimmt. Beim \u00c4tzen wird mit Hilfe einer S\u00e4ure ein Muster im Stahl erzeugt. Rostfreier Stahl, ob Damaszenerstahl oder nicht, ist in der Regel nicht die h\u00e4rteste Stahlsorte. Deshalb wurde ein Kern aus pulverisiertem Stahl SG2 hinzugef\u00fcgt. Das Ergebnis ist eine felsenfeste Schneide mit einer H\u00e4rte von 63 HRC! Der Name der Kollektion ist auf der Seite der Klinge und auf der R\u00fcckseite des Griffs handgraviert.<\/p>\n<p>Yaxell Super Gou Griff<br \/>\nDurch die runde Form und die drei Nieten sieht dieser Griff einem europ\u00e4ischen K\u00fcchenmesser sehr \u00e4hnlich. Das sorgt daf\u00fcr, dass der Griff nicht nur solide, sondern auch bequem ist. Der Griff ist aus rotem und schwarzem Micarta gefertigt. Micarta ist ein Material aus Flachs, das mit Epoxidharz impr\u00e4gniert ist. Das macht es zu einem sehr starken Material. Es kann fast alles aushalten und ist sehr wasserbest\u00e4ndig. Micarta ist daf\u00fcr bekannt, dass es sehr griffig ist. Auch wenn es nass ist. Die ovale und runde Form des Griffs bietet einen guten Halt und liegt angenehm in der Hand.<\/p>\n<p>Made in Japan<\/p>\n","protected":false},"excerpt":{"rendered":"<p>Das Yaxell Super Gou Kochmesser ist ein japanisches Kochmesser mit einer 20 cm langen Klinge. Dieses Messer ist ein echter Allrounder in der K\u00fcche. Es ist gro\u00df genug, um eine gro\u00dfe Menge an Gem\u00fcse, Fleisch und Fisch zu schneiden. Trotz der L\u00e4nge der Klinge ist das Messer leicht zu f\u00fchren. Das liegt an der guten [&hellip;]<\/p>\n","protected":false},"featured_media":6372757,"template":"","meta":{"_acf_changed":false},"product_cat":[12100,12105],"product_tag":[],"class_list":{"0":"post-1599756","1":"product","2":"type-product","3":"status-publish","4":"has-post-thumbnail","6":"product_cat-kuche","7":"product_cat-kuechenmesser","9":"first","10":"instock","11":"taxable","12":"shipping-taxable","13":"purchasable","14":"product-type-simple","swatches":"rey-swatches","show_selected":"","stretch_labels":"rey-swatches--stretch-labels"},"acf":[],"yoast_head":"<!-- This site is optimized with the Yoast SEO plugin v25.4 - https:\/\/yoast.com\/wordpress\/plugins\/seo\/ -->\n<title>YAXELL Super Gou Kochmesser 20 cm - dev6 Erresse<\/title>\n<meta name=\"description\" content=\"Das Yaxell Super Gou Kochmesser ist ein japanisches Kochmesser mit einer 20 cm langen Klinge. Dieses Messer ist ein echter Allrounder in der K\u00fcche. Es ist\" \/>\n<meta name=\"robots\" content=\"noindex, follow, max-snippet:-1, max-image-preview:large, max-video-preview:-1\" \/>\n<meta property=\"og:locale\" content=\"de_DE\" \/>\n<meta property=\"og:type\" content=\"article\" \/>\n<meta property=\"og:title\" content=\"YAXELL Super Gou Kochmesser 20 cm - dev6 Erresse\" \/>\n<meta property=\"og:description\" content=\"Das Yaxell Super Gou Kochmesser ist ein japanisches Kochmesser mit einer 20 cm langen Klinge. Dieses Messer ist ein echter Allrounder in der K\u00fcche. Es ist\" \/>\n<meta property=\"og:url\" content=\"https:\/\/dev6.erresse-shop.it\/de\/shop\/kuche\/messer\/kuechenmesser\/yaxell-super-gou-kochmesser-20-cm\/\" \/>\n<meta property=\"og:site_name\" content=\"dev6 Erresse\" \/>\n<meta property=\"og:image\" content=\"https:\/\/interpim.erresse-shop.it\/img-catalogo\/yaxell\/yaxell-super-gou-coltello-chef-20-cm.jpg\" \/><meta property=\"og:image\" content=\"https:\/\/interpim.erresse-shop.it\/img-catalogo\/yaxell\/yaxell-super-gou-coltello-chef-20-cm.jpg\" \/>\n\t<meta property=\"og:image:width\" content=\"1024\" \/>\n\t<meta property=\"og:image:height\" content=\"1024\" \/>\n\t<meta property=\"og:image:type\" content=\"image\/jpeg\" \/>\n<meta name=\"twitter:card\" content=\"summary_large_image\" \/>\n<meta name=\"twitter:image\" content=\"https:\/\/interpim.erresse-shop.it\/img-catalogo\/yaxell\/yaxell-super-gou-coltello-chef-20-cm.jpg\" \/>\n<script type=\"application\/ld+json\" class=\"yoast-schema-graph\">{\"@context\":\"https:\/\/schema.org\",\"@graph\":[{\"@type\":\"WebPage\",\"@id\":\"https:\/\/dev6.erresse-shop.it\/de\/shop\/kuche\/messer\/kuechenmesser\/yaxell-super-gou-kochmesser-20-cm\/\",\"url\":\"https:\/\/dev6.erresse-shop.it\/de\/shop\/kuche\/messer\/kuechenmesser\/yaxell-super-gou-kochmesser-20-cm\/\",\"name\":\"YAXELL Super Gou Kochmesser 20 cm - dev6 Erresse\",\"isPartOf\":{\"@id\":\"https:\/\/dev6.erresse-shop.it\/#website\"},\"primaryImageOfPage\":{\"@id\":\"https:\/\/dev6.erresse-shop.it\/de\/shop\/kuche\/messer\/kuechenmesser\/yaxell-super-gou-kochmesser-20-cm\/#primaryimage\"},\"image\":{\"@id\":\"https:\/\/dev6.erresse-shop.it\/de\/shop\/kuche\/messer\/kuechenmesser\/yaxell-super-gou-kochmesser-20-cm\/#primaryimage\"},\"thumbnailUrl\":\"https:\/\/i3.wp.com\/interpim.erresse-shop.it\/img-catalogo\/yaxell\/yaxell-super-gou-coltello-chef-20-cm.jpg?ssl=1\",\"datePublished\":\"2026-04-12T10:25:35+00:00\",\"description\":\"Das Yaxell Super Gou Kochmesser ist ein japanisches Kochmesser mit einer 20 cm langen Klinge. Dieses Messer ist ein echter Allrounder in der K\u00fcche. Es ist\",\"breadcrumb\":{\"@id\":\"https:\/\/dev6.erresse-shop.it\/de\/shop\/kuche\/messer\/kuechenmesser\/yaxell-super-gou-kochmesser-20-cm\/#breadcrumb\"},\"inLanguage\":\"de\",\"potentialAction\":[{\"@type\":\"ReadAction\",\"target\":[\"https:\/\/dev6.erresse-shop.it\/de\/shop\/kuche\/messer\/kuechenmesser\/yaxell-super-gou-kochmesser-20-cm\/\"]}]},{\"@type\":\"ImageObject\",\"inLanguage\":\"de\",\"@id\":\"https:\/\/dev6.erresse-shop.it\/de\/shop\/kuche\/messer\/kuechenmesser\/yaxell-super-gou-kochmesser-20-cm\/#primaryimage\",\"url\":\"https:\/\/i3.wp.com\/interpim.erresse-shop.it\/img-catalogo\/yaxell\/yaxell-super-gou-coltello-chef-20-cm.jpg?ssl=1\",\"contentUrl\":\"https:\/\/i3.wp.com\/interpim.erresse-shop.it\/img-catalogo\/yaxell\/yaxell-super-gou-coltello-chef-20-cm.jpg?ssl=1\"},{\"@type\":\"BreadcrumbList\",\"@id\":\"https:\/\/dev6.erresse-shop.it\/de\/shop\/kuche\/messer\/kuechenmesser\/yaxell-super-gou-kochmesser-20-cm\/#breadcrumb\",\"itemListElement\":[{\"@type\":\"ListItem\",\"position\":1,\"name\":\"Home\",\"item\":\"https:\/\/dev6.erresse-shop.it\/\"},{\"@type\":\"ListItem\",\"position\":2,\"name\":\"Shop\",\"item\":\"https:\/\/dev6.erresse-shop.it\/shop\/\"},{\"@type\":\"ListItem\",\"position\":3,\"name\":\"YAXELL Super Gou Kochmesser 20 cm\"}]},{\"@type\":\"WebSite\",\"@id\":\"https:\/\/dev6.erresse-shop.it\/#website\",\"url\":\"https:\/\/dev6.erresse-shop.it\/\",\"name\":\"Erresse Shop\",\"description\":\"\",\"publisher\":{\"@id\":\"https:\/\/dev6.erresse-shop.it\/#organization\"},\"potentialAction\":[{\"@type\":\"SearchAction\",\"target\":{\"@type\":\"EntryPoint\",\"urlTemplate\":\"https:\/\/dev6.erresse-shop.it\/?s={search_term_string}\"},\"query-input\":{\"@type\":\"PropertyValueSpecification\",\"valueRequired\":true,\"valueName\":\"search_term_string\"}}],\"inLanguage\":\"de\"},{\"@type\":\"Organization\",\"@id\":\"https:\/\/dev6.erresse-shop.it\/#organization\",\"name\":\"Erresse Shop\",\"url\":\"https:\/\/dev6.erresse-shop.it\/\",\"logo\":{\"@type\":\"ImageObject\",\"inLanguage\":\"de\",\"@id\":\"https:\/\/dev6.erresse-shop.it\/#\/schema\/logo\/image\/\",\"url\":\"https:\/\/dev6.erresse-shop.it\/wp-content\/uploads\/2025\/01\/LOGO-ERRESSE-CLASSICO.svg\",\"contentUrl\":\"https:\/\/dev6.erresse-shop.it\/wp-content\/uploads\/2025\/01\/LOGO-ERRESSE-CLASSICO.svg\",\"caption\":\"Erresse Shop\"},\"image\":{\"@id\":\"https:\/\/dev6.erresse-shop.it\/#\/schema\/logo\/image\/\"}}]}<\/script>\n<!-- \/ Yoast SEO plugin. -->","yoast_head_json":{"title":"YAXELL Super Gou Kochmesser 20 cm - dev6 Erresse","description":"Das Yaxell Super Gou Kochmesser ist ein japanisches Kochmesser mit einer 20 cm langen Klinge. Dieses Messer ist ein echter Allrounder in der K\u00fcche. Es ist","robots":{"index":"noindex","follow":"follow","max-snippet":"max-snippet:-1","max-image-preview":"max-image-preview:large","max-video-preview":"max-video-preview:-1"},"og_locale":"de_DE","og_type":"article","og_title":"YAXELL Super Gou Kochmesser 20 cm - dev6 Erresse","og_description":"Das Yaxell Super Gou Kochmesser ist ein japanisches Kochmesser mit einer 20 cm langen Klinge. Dieses Messer ist ein echter Allrounder in der K\u00fcche. Es ist","og_url":"https:\/\/dev6.erresse-shop.it\/de\/shop\/kuche\/messer\/kuechenmesser\/yaxell-super-gou-kochmesser-20-cm\/","og_site_name":"dev6 Erresse","og_image":[{"url":"https:\/\/interpim.erresse-shop.it\/img-catalogo\/yaxell\/yaxell-super-gou-coltello-chef-20-cm.jpg","type":"","width":"","height":""},{"url":"https:\/\/interpim.erresse-shop.it\/img-catalogo\/yaxell\/yaxell-super-gou-coltello-chef-20-cm.jpg","width":1024,"height":1024,"type":"image\/jpeg"}],"twitter_card":"summary_large_image","twitter_image":"https:\/\/interpim.erresse-shop.it\/img-catalogo\/yaxell\/yaxell-super-gou-coltello-chef-20-cm.jpg","schema":{"@context":"https:\/\/schema.org","@graph":[{"@type":"WebPage","@id":"https:\/\/dev6.erresse-shop.it\/de\/shop\/kuche\/messer\/kuechenmesser\/yaxell-super-gou-kochmesser-20-cm\/","url":"https:\/\/dev6.erresse-shop.it\/de\/shop\/kuche\/messer\/kuechenmesser\/yaxell-super-gou-kochmesser-20-cm\/","name":"YAXELL Super Gou Kochmesser 20 cm - dev6 Erresse","isPartOf":{"@id":"https:\/\/dev6.erresse-shop.it\/#website"},"primaryImageOfPage":{"@id":"https:\/\/dev6.erresse-shop.it\/de\/shop\/kuche\/messer\/kuechenmesser\/yaxell-super-gou-kochmesser-20-cm\/#primaryimage"},"image":{"@id":"https:\/\/dev6.erresse-shop.it\/de\/shop\/kuche\/messer\/kuechenmesser\/yaxell-super-gou-kochmesser-20-cm\/#primaryimage"},"thumbnailUrl":"https:\/\/i3.wp.com\/interpim.erresse-shop.it\/img-catalogo\/yaxell\/yaxell-super-gou-coltello-chef-20-cm.jpg?ssl=1","datePublished":"2026-04-12T10:25:35+00:00","description":"Das Yaxell Super Gou Kochmesser ist ein japanisches Kochmesser mit einer 20 cm langen Klinge. Dieses Messer ist ein echter Allrounder in der K\u00fcche. Es ist","breadcrumb":{"@id":"https:\/\/dev6.erresse-shop.it\/de\/shop\/kuche\/messer\/kuechenmesser\/yaxell-super-gou-kochmesser-20-cm\/#breadcrumb"},"inLanguage":"de","potentialAction":[{"@type":"ReadAction","target":["https:\/\/dev6.erresse-shop.it\/de\/shop\/kuche\/messer\/kuechenmesser\/yaxell-super-gou-kochmesser-20-cm\/"]}]},{"@type":"ImageObject","inLanguage":"de","@id":"https:\/\/dev6.erresse-shop.it\/de\/shop\/kuche\/messer\/kuechenmesser\/yaxell-super-gou-kochmesser-20-cm\/#primaryimage","url":"https:\/\/i3.wp.com\/interpim.erresse-shop.it\/img-catalogo\/yaxell\/yaxell-super-gou-coltello-chef-20-cm.jpg?ssl=1","contentUrl":"https:\/\/i3.wp.com\/interpim.erresse-shop.it\/img-catalogo\/yaxell\/yaxell-super-gou-coltello-chef-20-cm.jpg?ssl=1"},{"@type":"BreadcrumbList","@id":"https:\/\/dev6.erresse-shop.it\/de\/shop\/kuche\/messer\/kuechenmesser\/yaxell-super-gou-kochmesser-20-cm\/#breadcrumb","itemListElement":[{"@type":"ListItem","position":1,"name":"Home","item":"https:\/\/dev6.erresse-shop.it\/"},{"@type":"ListItem","position":2,"name":"Shop","item":"https:\/\/dev6.erresse-shop.it\/shop\/"},{"@type":"ListItem","position":3,"name":"YAXELL Super Gou Kochmesser 20 cm"}]},{"@type":"WebSite","@id":"https:\/\/dev6.erresse-shop.it\/#website","url":"https:\/\/dev6.erresse-shop.it\/","name":"Erresse Shop","description":"","publisher":{"@id":"https:\/\/dev6.erresse-shop.it\/#organization"},"potentialAction":[{"@type":"SearchAction","target":{"@type":"EntryPoint","urlTemplate":"https:\/\/dev6.erresse-shop.it\/?s={search_term_string}"},"query-input":{"@type":"PropertyValueSpecification","valueRequired":true,"valueName":"search_term_string"}}],"inLanguage":"de"},{"@type":"Organization","@id":"https:\/\/dev6.erresse-shop.it\/#organization","name":"Erresse Shop","url":"https:\/\/dev6.erresse-shop.it\/","logo":{"@type":"ImageObject","inLanguage":"de","@id":"https:\/\/dev6.erresse-shop.it\/#\/schema\/logo\/image\/","url":"https:\/\/dev6.erresse-shop.it\/wp-content\/uploads\/2025\/01\/LOGO-ERRESSE-CLASSICO.svg","contentUrl":"https:\/\/dev6.erresse-shop.it\/wp-content\/uploads\/2025\/01\/LOGO-ERRESSE-CLASSICO.svg","caption":"Erresse Shop"},"image":{"@id":"https:\/\/dev6.erresse-shop.it\/#\/schema\/logo\/image\/"}}]}},"df_price":439,"df_sale_price":"","df_regular_price":439,"df_image_link":"https:\/\/i3.wp.com\/interpim.erresse-shop.it\/img-catalogo\/yaxell\/yaxell-super-gou-coltello-chef-20-cm.jpg?resize=300,300&ssl=1","fifu_image_url":"https:\/\/interpim.erresse-shop.it\/img-catalogo\/yaxell\/yaxell-super-gou-coltello-chef-20-cm.jpg","_links":{"self":[{"href":"https:\/\/dev6.erresse-shop.it\/de\/wp-json\/wp\/v2\/product\/1599756","targetHints":{"allow":["GET"]}}],"collection":[{"href":"https:\/\/dev6.erresse-shop.it\/de\/wp-json\/wp\/v2\/product"}],"about":[{"href":"https:\/\/dev6.erresse-shop.it\/de\/wp-json\/wp\/v2\/types\/product"}],"wp:featuredmedia":[{"embeddable":true,"href":"https:\/\/dev6.erresse-shop.it\/de\/wp-json\/wp\/v2\/media\/6372757"}],"wp:attachment":[{"href":"https:\/\/dev6.erresse-shop.it\/de\/wp-json\/wp\/v2\/media?parent=1599756"}],"wp:term":[{"taxonomy":"product_cat","embeddable":true,"href":"https:\/\/dev6.erresse-shop.it\/de\/wp-json\/wp\/v2\/product_cat?post=1599756"},{"taxonomy":"product_tag","embeddable":true,"href":"https:\/\/dev6.erresse-shop.it\/de\/wp-json\/wp\/v2\/product_tag?post=1599756"}],"curies":[{"name":"wp","href":"https:\/\/api.w.org\/{rel}","templated":true}]}}