{"id":1599752,"date":"2026-04-12T12:25:35","date_gmt":"2026-04-12T10:25:35","guid":{"rendered":"https:\/\/dev6.erresse-shop.it\/shop\/unkategorisiert\/staub-schmorpfanne-2317-cm-grau\/"},"modified":"2025-09-14T02:38:24","modified_gmt":"2025-09-14T00:38:24","slug":"staub-schmorpfanne-2317-cm-grau","status":"publish","type":"product","link":"https:\/\/dev6.erresse-shop.it\/de\/shop\/kuche\/staub-schmorpfanne-2317-cm-grau\/","title":{"rendered":"STAUB Schmorpfanne 23&#215;17 cm Grau"},"content":{"rendered":"<p>Diese ovale Auflaufform mit Deckel ist die perfekte Pfanne f\u00fcr pikante und s\u00fc\u00dfe Gratins und andere Backwaren. Die Schale hat eine feine graphitgraue Farbe, misst 23 cm x 17 cm und fasst bis zu 1 Liter. Dank der gusseisernen Griffe kann er sicher aufbewahrt werden. Die Auflaufform aus der Geschirrserie von Staub eignet sich sowohl zum Braten als auch zum Vorgaren von Speisen auf dem Herd und im Backofen. Das Gusseisen verteilt die Hitze gleichm\u00e4\u00dfig, so dass Ihre Speisen gleichm\u00e4\u00dfig gebr\u00e4unt und knusprig werden. Dar\u00fcber hinaus speichert es die W\u00e4rme und f\u00f6rdert so ein effizientes Kochen. Der Deckel sch\u00fctzt die Speisen vor \u00dcberhitzung, passt perfekt auf die ovale Schale und hat einen gl\u00e4nzenden Silberknauf. Mit dieser Auflaufform von Staub k\u00f6nnen Sie k\u00f6stliche Speisen sicher und direkt am Tisch servieren. Die effizient zubereiteten Gerichte werden durch ihr klassisches Design hervorgehoben.<\/p>\n<p>F\u00fcr die Zubereitung und das Servieren<br \/>\nNettogewicht: 2,51 kg<br \/>\nFassungsverm\u00f6gen: 1,00 l<br \/>\nProduktl\u00e4nge: 28,70 cm<br \/>\nProduktbreite: 18,00 cm<br \/>\nH\u00f6he des Produkts: 9,50 cm<br \/>\nOberer Durchmesser: 23,00 cm<br \/>\nDurchmesser oben 2: 16,80 cm<br \/>\nDurchmesser des Bodens: 19,30 cm<\/p>\n","protected":false},"excerpt":{"rendered":"<p>Diese ovale Auflaufform mit Deckel ist die perfekte Pfanne f\u00fcr pikante und s\u00fc\u00dfe Gratins und andere Backwaren. Die Schale hat eine feine graphitgraue Farbe, misst 23 cm x 17 cm und fasst bis zu 1 Liter. Dank der gusseisernen Griffe kann er sicher aufbewahrt werden. Die Auflaufform aus der Geschirrserie von Staub eignet sich sowohl [&hellip;]<\/p>\n","protected":false},"featured_media":6372737,"template":"","meta":{"_acf_changed":false},"product_cat":[12100],"product_tag":[],"class_list":{"0":"post-1599752","1":"product","2":"type-product","3":"status-publish","4":"has-post-thumbnail","6":"product_cat-kuche","8":"first","9":"instock","10":"sale","11":"taxable","12":"shipping-taxable","13":"purchasable","14":"product-type-simple","swatches":"rey-swatches","show_selected":"","stretch_labels":"rey-swatches--stretch-labels"},"acf":[],"yoast_head":"<!-- This site is optimized with the Yoast SEO plugin v25.4 - https:\/\/yoast.com\/wordpress\/plugins\/seo\/ -->\n<title>STAUB Schmorpfanne 23&#215;17 cm Grau - dev6 Erresse<\/title>\n<meta name=\"description\" content=\"Diese ovale Auflaufform mit Deckel ist die perfekte Pfanne f\u00fcr pikante und s\u00fc\u00dfe Gratins und andere Backwaren. Die Schale hat eine feine graphitgraue\" \/>\n<meta name=\"robots\" content=\"noindex, follow, max-snippet:-1, max-image-preview:large, max-video-preview:-1\" \/>\n<meta property=\"og:locale\" content=\"de_DE\" \/>\n<meta property=\"og:type\" content=\"article\" \/>\n<meta property=\"og:title\" content=\"STAUB Schmorpfanne 23&#215;17 cm Grau - dev6 Erresse\" \/>\n<meta property=\"og:description\" content=\"Diese ovale Auflaufform mit Deckel ist die perfekte Pfanne f\u00fcr pikante und s\u00fc\u00dfe Gratins und andere Backwaren. Die Schale hat eine feine graphitgraue\" \/>\n<meta property=\"og:url\" content=\"https:\/\/dev6.erresse-shop.it\/de\/shop\/kuche\/staub-schmorpfanne-2317-cm-grau\/\" \/>\n<meta property=\"og:site_name\" content=\"dev6 Erresse\" \/>\n<meta property=\"og:image\" content=\"https:\/\/interpim.erresse-shop.it\/Import\/Prodotti\/staub-tegame-23x17-cm-grigio.jpg\" \/><meta property=\"og:image\" content=\"https:\/\/interpim.erresse-shop.it\/Import\/Prodotti\/staub-tegame-23x17-cm-grigio.jpg\" \/>\n\t<meta property=\"og:image:width\" content=\"1024\" \/>\n\t<meta property=\"og:image:height\" content=\"1024\" \/>\n\t<meta property=\"og:image:type\" content=\"image\/jpeg\" \/>\n<meta name=\"twitter:card\" content=\"summary_large_image\" \/>\n<meta name=\"twitter:image\" content=\"https:\/\/interpim.erresse-shop.it\/Import\/Prodotti\/staub-tegame-23x17-cm-grigio.jpg\" \/>\n<script type=\"application\/ld+json\" class=\"yoast-schema-graph\">{\"@context\":\"https:\/\/schema.org\",\"@graph\":[{\"@type\":\"WebPage\",\"@id\":\"https:\/\/dev6.erresse-shop.it\/de\/shop\/kuche\/staub-schmorpfanne-2317-cm-grau\/\",\"url\":\"https:\/\/dev6.erresse-shop.it\/de\/shop\/kuche\/staub-schmorpfanne-2317-cm-grau\/\",\"name\":\"STAUB Schmorpfanne 23&#215;17 cm Grau - dev6 Erresse\",\"isPartOf\":{\"@id\":\"https:\/\/dev6.erresse-shop.it\/#website\"},\"primaryImageOfPage\":{\"@id\":\"https:\/\/dev6.erresse-shop.it\/de\/shop\/kuche\/staub-schmorpfanne-2317-cm-grau\/#primaryimage\"},\"image\":{\"@id\":\"https:\/\/dev6.erresse-shop.it\/de\/shop\/kuche\/staub-schmorpfanne-2317-cm-grau\/#primaryimage\"},\"thumbnailUrl\":\"https:\/\/i1.wp.com\/interpim.erresse-shop.it\/Import\/Prodotti\/staub-tegame-23x17-cm-grigio.jpg?ssl=1\",\"datePublished\":\"2026-04-12T10:25:35+00:00\",\"description\":\"Diese ovale Auflaufform mit Deckel ist die perfekte Pfanne f\u00fcr pikante und s\u00fc\u00dfe Gratins und andere Backwaren. Die Schale hat eine feine graphitgraue\",\"breadcrumb\":{\"@id\":\"https:\/\/dev6.erresse-shop.it\/de\/shop\/kuche\/staub-schmorpfanne-2317-cm-grau\/#breadcrumb\"},\"inLanguage\":\"de\",\"potentialAction\":[{\"@type\":\"ReadAction\",\"target\":[\"https:\/\/dev6.erresse-shop.it\/de\/shop\/kuche\/staub-schmorpfanne-2317-cm-grau\/\"]}]},{\"@type\":\"ImageObject\",\"inLanguage\":\"de\",\"@id\":\"https:\/\/dev6.erresse-shop.it\/de\/shop\/kuche\/staub-schmorpfanne-2317-cm-grau\/#primaryimage\",\"url\":\"https:\/\/i1.wp.com\/interpim.erresse-shop.it\/Import\/Prodotti\/staub-tegame-23x17-cm-grigio.jpg?ssl=1\",\"contentUrl\":\"https:\/\/i1.wp.com\/interpim.erresse-shop.it\/Import\/Prodotti\/staub-tegame-23x17-cm-grigio.jpg?ssl=1\"},{\"@type\":\"BreadcrumbList\",\"@id\":\"https:\/\/dev6.erresse-shop.it\/de\/shop\/kuche\/staub-schmorpfanne-2317-cm-grau\/#breadcrumb\",\"itemListElement\":[{\"@type\":\"ListItem\",\"position\":1,\"name\":\"Home\",\"item\":\"https:\/\/dev6.erresse-shop.it\/\"},{\"@type\":\"ListItem\",\"position\":2,\"name\":\"Shop\",\"item\":\"https:\/\/dev6.erresse-shop.it\/shop\/\"},{\"@type\":\"ListItem\",\"position\":3,\"name\":\"STAUB Schmorpfanne 23&#215;17 cm Grau\"}]},{\"@type\":\"WebSite\",\"@id\":\"https:\/\/dev6.erresse-shop.it\/#website\",\"url\":\"https:\/\/dev6.erresse-shop.it\/\",\"name\":\"Erresse Shop\",\"description\":\"\",\"publisher\":{\"@id\":\"https:\/\/dev6.erresse-shop.it\/#organization\"},\"potentialAction\":[{\"@type\":\"SearchAction\",\"target\":{\"@type\":\"EntryPoint\",\"urlTemplate\":\"https:\/\/dev6.erresse-shop.it\/?s={search_term_string}\"},\"query-input\":{\"@type\":\"PropertyValueSpecification\",\"valueRequired\":true,\"valueName\":\"search_term_string\"}}],\"inLanguage\":\"de\"},{\"@type\":\"Organization\",\"@id\":\"https:\/\/dev6.erresse-shop.it\/#organization\",\"name\":\"Erresse Shop\",\"url\":\"https:\/\/dev6.erresse-shop.it\/\",\"logo\":{\"@type\":\"ImageObject\",\"inLanguage\":\"de\",\"@id\":\"https:\/\/dev6.erresse-shop.it\/#\/schema\/logo\/image\/\",\"url\":\"https:\/\/dev6.erresse-shop.it\/wp-content\/uploads\/2025\/01\/LOGO-ERRESSE-CLASSICO.svg\",\"contentUrl\":\"https:\/\/dev6.erresse-shop.it\/wp-content\/uploads\/2025\/01\/LOGO-ERRESSE-CLASSICO.svg\",\"caption\":\"Erresse Shop\"},\"image\":{\"@id\":\"https:\/\/dev6.erresse-shop.it\/#\/schema\/logo\/image\/\"}}]}<\/script>\n<!-- \/ Yoast SEO plugin. -->","yoast_head_json":{"title":"STAUB Schmorpfanne 23&#215;17 cm Grau - dev6 Erresse","description":"Diese ovale Auflaufform mit Deckel ist die perfekte Pfanne f\u00fcr pikante und s\u00fc\u00dfe Gratins und andere Backwaren. Die Schale hat eine feine graphitgraue","robots":{"index":"noindex","follow":"follow","max-snippet":"max-snippet:-1","max-image-preview":"max-image-preview:large","max-video-preview":"max-video-preview:-1"},"og_locale":"de_DE","og_type":"article","og_title":"STAUB Schmorpfanne 23&#215;17 cm Grau - dev6 Erresse","og_description":"Diese ovale Auflaufform mit Deckel ist die perfekte Pfanne f\u00fcr pikante und s\u00fc\u00dfe Gratins und andere Backwaren. Die Schale hat eine feine graphitgraue","og_url":"https:\/\/dev6.erresse-shop.it\/de\/shop\/kuche\/staub-schmorpfanne-2317-cm-grau\/","og_site_name":"dev6 Erresse","og_image":[{"url":"https:\/\/interpim.erresse-shop.it\/Import\/Prodotti\/staub-tegame-23x17-cm-grigio.jpg","type":"","width":"","height":""},{"url":"https:\/\/interpim.erresse-shop.it\/Import\/Prodotti\/staub-tegame-23x17-cm-grigio.jpg","width":1024,"height":1024,"type":"image\/jpeg"}],"twitter_card":"summary_large_image","twitter_image":"https:\/\/interpim.erresse-shop.it\/Import\/Prodotti\/staub-tegame-23x17-cm-grigio.jpg","schema":{"@context":"https:\/\/schema.org","@graph":[{"@type":"WebPage","@id":"https:\/\/dev6.erresse-shop.it\/de\/shop\/kuche\/staub-schmorpfanne-2317-cm-grau\/","url":"https:\/\/dev6.erresse-shop.it\/de\/shop\/kuche\/staub-schmorpfanne-2317-cm-grau\/","name":"STAUB Schmorpfanne 23&#215;17 cm Grau - dev6 Erresse","isPartOf":{"@id":"https:\/\/dev6.erresse-shop.it\/#website"},"primaryImageOfPage":{"@id":"https:\/\/dev6.erresse-shop.it\/de\/shop\/kuche\/staub-schmorpfanne-2317-cm-grau\/#primaryimage"},"image":{"@id":"https:\/\/dev6.erresse-shop.it\/de\/shop\/kuche\/staub-schmorpfanne-2317-cm-grau\/#primaryimage"},"thumbnailUrl":"https:\/\/i1.wp.com\/interpim.erresse-shop.it\/Import\/Prodotti\/staub-tegame-23x17-cm-grigio.jpg?ssl=1","datePublished":"2026-04-12T10:25:35+00:00","description":"Diese ovale Auflaufform mit Deckel ist die perfekte Pfanne f\u00fcr pikante und s\u00fc\u00dfe Gratins und andere Backwaren. Die Schale hat eine feine graphitgraue","breadcrumb":{"@id":"https:\/\/dev6.erresse-shop.it\/de\/shop\/kuche\/staub-schmorpfanne-2317-cm-grau\/#breadcrumb"},"inLanguage":"de","potentialAction":[{"@type":"ReadAction","target":["https:\/\/dev6.erresse-shop.it\/de\/shop\/kuche\/staub-schmorpfanne-2317-cm-grau\/"]}]},{"@type":"ImageObject","inLanguage":"de","@id":"https:\/\/dev6.erresse-shop.it\/de\/shop\/kuche\/staub-schmorpfanne-2317-cm-grau\/#primaryimage","url":"https:\/\/i1.wp.com\/interpim.erresse-shop.it\/Import\/Prodotti\/staub-tegame-23x17-cm-grigio.jpg?ssl=1","contentUrl":"https:\/\/i1.wp.com\/interpim.erresse-shop.it\/Import\/Prodotti\/staub-tegame-23x17-cm-grigio.jpg?ssl=1"},{"@type":"BreadcrumbList","@id":"https:\/\/dev6.erresse-shop.it\/de\/shop\/kuche\/staub-schmorpfanne-2317-cm-grau\/#breadcrumb","itemListElement":[{"@type":"ListItem","position":1,"name":"Home","item":"https:\/\/dev6.erresse-shop.it\/"},{"@type":"ListItem","position":2,"name":"Shop","item":"https:\/\/dev6.erresse-shop.it\/shop\/"},{"@type":"ListItem","position":3,"name":"STAUB Schmorpfanne 23&#215;17 cm Grau"}]},{"@type":"WebSite","@id":"https:\/\/dev6.erresse-shop.it\/#website","url":"https:\/\/dev6.erresse-shop.it\/","name":"Erresse Shop","description":"","publisher":{"@id":"https:\/\/dev6.erresse-shop.it\/#organization"},"potentialAction":[{"@type":"SearchAction","target":{"@type":"EntryPoint","urlTemplate":"https:\/\/dev6.erresse-shop.it\/?s={search_term_string}"},"query-input":{"@type":"PropertyValueSpecification","valueRequired":true,"valueName":"search_term_string"}}],"inLanguage":"de"},{"@type":"Organization","@id":"https:\/\/dev6.erresse-shop.it\/#organization","name":"Erresse Shop","url":"https:\/\/dev6.erresse-shop.it\/","logo":{"@type":"ImageObject","inLanguage":"de","@id":"https:\/\/dev6.erresse-shop.it\/#\/schema\/logo\/image\/","url":"https:\/\/dev6.erresse-shop.it\/wp-content\/uploads\/2025\/01\/LOGO-ERRESSE-CLASSICO.svg","contentUrl":"https:\/\/dev6.erresse-shop.it\/wp-content\/uploads\/2025\/01\/LOGO-ERRESSE-CLASSICO.svg","caption":"Erresse Shop"},"image":{"@id":"https:\/\/dev6.erresse-shop.it\/#\/schema\/logo\/image\/"}}]}},"df_price":98,"df_sale_price":98,"df_regular_price":139,"df_image_link":"https:\/\/i1.wp.com\/interpim.erresse-shop.it\/Import\/Prodotti\/staub-tegame-23x17-cm-grigio.jpg?resize=300,300&ssl=1","fifu_image_url":"https:\/\/interpim.erresse-shop.it\/Import\/Prodotti\/staub-tegame-23x17-cm-grigio.jpg","_links":{"self":[{"href":"https:\/\/dev6.erresse-shop.it\/de\/wp-json\/wp\/v2\/product\/1599752","targetHints":{"allow":["GET"]}}],"collection":[{"href":"https:\/\/dev6.erresse-shop.it\/de\/wp-json\/wp\/v2\/product"}],"about":[{"href":"https:\/\/dev6.erresse-shop.it\/de\/wp-json\/wp\/v2\/types\/product"}],"wp:featuredmedia":[{"embeddable":true,"href":"https:\/\/dev6.erresse-shop.it\/de\/wp-json\/wp\/v2\/media\/6372737"}],"wp:attachment":[{"href":"https:\/\/dev6.erresse-shop.it\/de\/wp-json\/wp\/v2\/media?parent=1599752"}],"wp:term":[{"taxonomy":"product_cat","embeddable":true,"href":"https:\/\/dev6.erresse-shop.it\/de\/wp-json\/wp\/v2\/product_cat?post=1599752"},{"taxonomy":"product_tag","embeddable":true,"href":"https:\/\/dev6.erresse-shop.it\/de\/wp-json\/wp\/v2\/product_tag?post=1599752"}],"curies":[{"name":"wp","href":"https:\/\/api.w.org\/{rel}","templated":true}]}}