{"id":1599727,"date":"2026-04-12T12:23:26","date_gmt":"2026-04-12T10:23:26","guid":{"rendered":"https:\/\/dev6.erresse-shop.it\/shop\/unkategorisiert\/magimix-micro-chrom-kuechenmaschine\/"},"modified":"2025-09-14T02:37:50","modified_gmt":"2025-09-14T00:37:50","slug":"magimix-micro-chrom-kuechenmaschine","status":"publish","type":"product","link":"https:\/\/dev6.erresse-shop.it\/de\/shop\/kleine-elektrogeraete\/kuechenmaschinen\/magimix-micro-chrom-kuechenmaschine\/","title":{"rendered":"MAGIMIX Micro Chrom K\u00fcchenmaschine"},"content":{"rendered":"<p>MAGIMIX. ITALIENISCHE GARANTIE<\/p>\n<p>In Frankreich, im Herzen von Burgund, einer f\u00fcr ihre Gastronomie ber\u00fchmten Region, hat Magimix vor \u00fcber vierzig Jahren die K\u00fcchenmaschine erfunden.<br \/>\nHeute sind Magimix-Ger\u00e4te die Haushaltsversion der f\u00fcr Profis bestimmten Ger\u00e4te. Die gr\u00f6\u00dften Restaurants der Welt verwenden die professionelle Version unserer Produkte.<br \/>\nIm Sortiment von Magimix finden Sie die gesamte Palette kleiner K\u00fcchenger\u00e4te.<br \/>\nMagimix ist immer an der Spitze der Innovation in der K\u00fcche und freut sich, seine neueste Kollektion f\u00fcr das Vergn\u00fcgen des Kochens wie ein gro\u00dfer Koch vorzustellen.<\/p>\n<p>MIKRO.Ein sehr effektiver Mini-Zerkleinerer. Ein Metallmesser zum Hacken, Mixen und als Emulgator f\u00fcr Saucen.<\/p>\n<p>Dose 0,8 Liter<br \/>\nPulstaste\u00a0\u00a0 \u00a0optimale Steuerung<br \/>\nRezeptbuch 30 Rezepte<br \/>\nSpachtel 1<\/p>\n<p>Kapazit\u00e4t\u00a0<br \/>\nGekochter Schinken 200 g<br \/>\nFleisch 350 g<br \/>\nK\u00e4se 200 g<br \/>\nWaln\u00fcsse, Haseln\u00fcsse 200 g<br \/>\nKekse\u00a0\u00a0 \u00a050 g<\/p>\n<p>Material: 0 % BPA<br \/>\nMotorleistung\u200b\u00a0\u00a0 \u00a0290 W<br \/>\nGarantie 3 Jahre<br \/>\nAbmessungen H240 x B120 x T170 mm<br \/>\nGewicht 1,7 kg<br \/>\nHergestellt in Frankreich<\/p>\n<p>Anleitung.<br \/>\nNicht zum Verkauf au\u00dferhalb Europas<\/p>\n","protected":false},"excerpt":{"rendered":"<p>MAGIMIX. ITALIENISCHE GARANTIE In Frankreich, im Herzen von Burgund, einer f\u00fcr ihre Gastronomie ber\u00fchmten Region, hat Magimix vor \u00fcber vierzig Jahren die K\u00fcchenmaschine erfunden. Heute sind Magimix-Ger\u00e4te die Haushaltsversion der f\u00fcr Profis bestimmten Ger\u00e4te. Die gr\u00f6\u00dften Restaurants der Welt verwenden die professionelle Version unserer Produkte. Im Sortiment von Magimix finden Sie die gesamte Palette kleiner [&hellip;]<\/p>\n","protected":false},"featured_media":6372658,"template":"","meta":{"_acf_changed":false},"product_cat":[12163,12174],"product_tag":[],"class_list":{"0":"post-1599727","1":"product","2":"type-product","3":"status-publish","4":"has-post-thumbnail","6":"product_cat-kleine-elektrogeraete","7":"product_cat-kuechenmaschinen","9":"first","10":"instock","11":"sale","12":"taxable","13":"shipping-taxable","14":"purchasable","15":"product-type-simple","swatches":"rey-swatches","show_selected":"","stretch_labels":"rey-swatches--stretch-labels"},"acf":[],"yoast_head":"<!-- This site is optimized with the Yoast SEO plugin v25.4 - https:\/\/yoast.com\/wordpress\/plugins\/seo\/ -->\n<title>MAGIMIX Micro Chrom K\u00fcchenmaschine - dev6 Erresse<\/title>\n<meta name=\"description\" content=\"MAGIMIX. ITALIENISCHE GARANTIE In Frankreich, im Herzen von Burgund, einer f\u00fcr ihre Gastronomie ber\u00fchmten Region, hat Magimix vor \u00fcber vierzig Jahren die\" \/>\n<meta name=\"robots\" content=\"noindex, follow, max-snippet:-1, max-image-preview:large, max-video-preview:-1\" \/>\n<meta property=\"og:locale\" content=\"de_DE\" \/>\n<meta property=\"og:type\" content=\"article\" \/>\n<meta property=\"og:title\" content=\"MAGIMIX Micro Chrom K\u00fcchenmaschine - dev6 Erresse\" \/>\n<meta property=\"og:description\" content=\"MAGIMIX. ITALIENISCHE GARANTIE In Frankreich, im Herzen von Burgund, einer f\u00fcr ihre Gastronomie ber\u00fchmten Region, hat Magimix vor \u00fcber vierzig Jahren die\" \/>\n<meta property=\"og:url\" content=\"https:\/\/dev6.erresse-shop.it\/de\/shop\/kleine-elektrogeraete\/kuechenmaschinen\/magimix-micro-chrom-kuechenmaschine\/\" \/>\n<meta property=\"og:site_name\" content=\"dev6 Erresse\" \/>\n<meta property=\"og:image\" content=\"https:\/\/interpim.erresse-shop.it\/Import\/Prodotti\/magimix-robot-da-cucina-micro-cromo.jpg\" \/><meta property=\"og:image\" content=\"https:\/\/interpim.erresse-shop.it\/Import\/Prodotti\/magimix-robot-da-cucina-micro-cromo.jpg\" \/>\n\t<meta property=\"og:image:width\" content=\"1024\" \/>\n\t<meta property=\"og:image:height\" content=\"1024\" \/>\n\t<meta property=\"og:image:type\" content=\"image\/jpeg\" \/>\n<meta name=\"twitter:card\" content=\"summary_large_image\" \/>\n<meta name=\"twitter:image\" content=\"https:\/\/interpim.erresse-shop.it\/Import\/Prodotti\/magimix-robot-da-cucina-micro-cromo.jpg\" \/>\n<script type=\"application\/ld+json\" class=\"yoast-schema-graph\">{\"@context\":\"https:\/\/schema.org\",\"@graph\":[{\"@type\":\"WebPage\",\"@id\":\"https:\/\/dev6.erresse-shop.it\/de\/shop\/kleine-elektrogeraete\/kuechenmaschinen\/magimix-micro-chrom-kuechenmaschine\/\",\"url\":\"https:\/\/dev6.erresse-shop.it\/de\/shop\/kleine-elektrogeraete\/kuechenmaschinen\/magimix-micro-chrom-kuechenmaschine\/\",\"name\":\"MAGIMIX Micro Chrom K\u00fcchenmaschine - dev6 Erresse\",\"isPartOf\":{\"@id\":\"https:\/\/dev6.erresse-shop.it\/#website\"},\"primaryImageOfPage\":{\"@id\":\"https:\/\/dev6.erresse-shop.it\/de\/shop\/kleine-elektrogeraete\/kuechenmaschinen\/magimix-micro-chrom-kuechenmaschine\/#primaryimage\"},\"image\":{\"@id\":\"https:\/\/dev6.erresse-shop.it\/de\/shop\/kleine-elektrogeraete\/kuechenmaschinen\/magimix-micro-chrom-kuechenmaschine\/#primaryimage\"},\"thumbnailUrl\":\"https:\/\/i0.wp.com\/interpim.erresse-shop.it\/Import\/Prodotti\/magimix-robot-da-cucina-micro-cromo.jpg?ssl=1\",\"datePublished\":\"2026-04-12T10:23:26+00:00\",\"description\":\"MAGIMIX. ITALIENISCHE GARANTIE In Frankreich, im Herzen von Burgund, einer f\u00fcr ihre Gastronomie ber\u00fchmten Region, hat Magimix vor \u00fcber vierzig Jahren die\",\"breadcrumb\":{\"@id\":\"https:\/\/dev6.erresse-shop.it\/de\/shop\/kleine-elektrogeraete\/kuechenmaschinen\/magimix-micro-chrom-kuechenmaschine\/#breadcrumb\"},\"inLanguage\":\"de\",\"potentialAction\":[{\"@type\":\"ReadAction\",\"target\":[\"https:\/\/dev6.erresse-shop.it\/de\/shop\/kleine-elektrogeraete\/kuechenmaschinen\/magimix-micro-chrom-kuechenmaschine\/\"]}]},{\"@type\":\"ImageObject\",\"inLanguage\":\"de\",\"@id\":\"https:\/\/dev6.erresse-shop.it\/de\/shop\/kleine-elektrogeraete\/kuechenmaschinen\/magimix-micro-chrom-kuechenmaschine\/#primaryimage\",\"url\":\"https:\/\/i0.wp.com\/interpim.erresse-shop.it\/Import\/Prodotti\/magimix-robot-da-cucina-micro-cromo.jpg?ssl=1\",\"contentUrl\":\"https:\/\/i0.wp.com\/interpim.erresse-shop.it\/Import\/Prodotti\/magimix-robot-da-cucina-micro-cromo.jpg?ssl=1\"},{\"@type\":\"BreadcrumbList\",\"@id\":\"https:\/\/dev6.erresse-shop.it\/de\/shop\/kleine-elektrogeraete\/kuechenmaschinen\/magimix-micro-chrom-kuechenmaschine\/#breadcrumb\",\"itemListElement\":[{\"@type\":\"ListItem\",\"position\":1,\"name\":\"Home\",\"item\":\"https:\/\/dev6.erresse-shop.it\/\"},{\"@type\":\"ListItem\",\"position\":2,\"name\":\"Shop\",\"item\":\"https:\/\/dev6.erresse-shop.it\/shop\/\"},{\"@type\":\"ListItem\",\"position\":3,\"name\":\"MAGIMIX Micro Chrom K\u00fcchenmaschine\"}]},{\"@type\":\"WebSite\",\"@id\":\"https:\/\/dev6.erresse-shop.it\/#website\",\"url\":\"https:\/\/dev6.erresse-shop.it\/\",\"name\":\"Erresse Shop\",\"description\":\"\",\"publisher\":{\"@id\":\"https:\/\/dev6.erresse-shop.it\/#organization\"},\"potentialAction\":[{\"@type\":\"SearchAction\",\"target\":{\"@type\":\"EntryPoint\",\"urlTemplate\":\"https:\/\/dev6.erresse-shop.it\/?s={search_term_string}\"},\"query-input\":{\"@type\":\"PropertyValueSpecification\",\"valueRequired\":true,\"valueName\":\"search_term_string\"}}],\"inLanguage\":\"de\"},{\"@type\":\"Organization\",\"@id\":\"https:\/\/dev6.erresse-shop.it\/#organization\",\"name\":\"Erresse Shop\",\"url\":\"https:\/\/dev6.erresse-shop.it\/\",\"logo\":{\"@type\":\"ImageObject\",\"inLanguage\":\"de\",\"@id\":\"https:\/\/dev6.erresse-shop.it\/#\/schema\/logo\/image\/\",\"url\":\"https:\/\/dev6.erresse-shop.it\/wp-content\/uploads\/2025\/01\/LOGO-ERRESSE-CLASSICO.svg\",\"contentUrl\":\"https:\/\/dev6.erresse-shop.it\/wp-content\/uploads\/2025\/01\/LOGO-ERRESSE-CLASSICO.svg\",\"caption\":\"Erresse Shop\"},\"image\":{\"@id\":\"https:\/\/dev6.erresse-shop.it\/#\/schema\/logo\/image\/\"}}]}<\/script>\n<!-- \/ Yoast SEO plugin. -->","yoast_head_json":{"title":"MAGIMIX Micro Chrom K\u00fcchenmaschine - dev6 Erresse","description":"MAGIMIX. ITALIENISCHE GARANTIE In Frankreich, im Herzen von Burgund, einer f\u00fcr ihre Gastronomie ber\u00fchmten Region, hat Magimix vor \u00fcber vierzig Jahren die","robots":{"index":"noindex","follow":"follow","max-snippet":"max-snippet:-1","max-image-preview":"max-image-preview:large","max-video-preview":"max-video-preview:-1"},"og_locale":"de_DE","og_type":"article","og_title":"MAGIMIX Micro Chrom K\u00fcchenmaschine - dev6 Erresse","og_description":"MAGIMIX. ITALIENISCHE GARANTIE In Frankreich, im Herzen von Burgund, einer f\u00fcr ihre Gastronomie ber\u00fchmten Region, hat Magimix vor \u00fcber vierzig Jahren die","og_url":"https:\/\/dev6.erresse-shop.it\/de\/shop\/kleine-elektrogeraete\/kuechenmaschinen\/magimix-micro-chrom-kuechenmaschine\/","og_site_name":"dev6 Erresse","og_image":[{"url":"https:\/\/interpim.erresse-shop.it\/Import\/Prodotti\/magimix-robot-da-cucina-micro-cromo.jpg","type":"","width":"","height":""},{"url":"https:\/\/interpim.erresse-shop.it\/Import\/Prodotti\/magimix-robot-da-cucina-micro-cromo.jpg","width":1024,"height":1024,"type":"image\/jpeg"}],"twitter_card":"summary_large_image","twitter_image":"https:\/\/interpim.erresse-shop.it\/Import\/Prodotti\/magimix-robot-da-cucina-micro-cromo.jpg","schema":{"@context":"https:\/\/schema.org","@graph":[{"@type":"WebPage","@id":"https:\/\/dev6.erresse-shop.it\/de\/shop\/kleine-elektrogeraete\/kuechenmaschinen\/magimix-micro-chrom-kuechenmaschine\/","url":"https:\/\/dev6.erresse-shop.it\/de\/shop\/kleine-elektrogeraete\/kuechenmaschinen\/magimix-micro-chrom-kuechenmaschine\/","name":"MAGIMIX Micro Chrom K\u00fcchenmaschine - dev6 Erresse","isPartOf":{"@id":"https:\/\/dev6.erresse-shop.it\/#website"},"primaryImageOfPage":{"@id":"https:\/\/dev6.erresse-shop.it\/de\/shop\/kleine-elektrogeraete\/kuechenmaschinen\/magimix-micro-chrom-kuechenmaschine\/#primaryimage"},"image":{"@id":"https:\/\/dev6.erresse-shop.it\/de\/shop\/kleine-elektrogeraete\/kuechenmaschinen\/magimix-micro-chrom-kuechenmaschine\/#primaryimage"},"thumbnailUrl":"https:\/\/i0.wp.com\/interpim.erresse-shop.it\/Import\/Prodotti\/magimix-robot-da-cucina-micro-cromo.jpg?ssl=1","datePublished":"2026-04-12T10:23:26+00:00","description":"MAGIMIX. ITALIENISCHE GARANTIE In Frankreich, im Herzen von Burgund, einer f\u00fcr ihre Gastronomie ber\u00fchmten Region, hat Magimix vor \u00fcber vierzig Jahren die","breadcrumb":{"@id":"https:\/\/dev6.erresse-shop.it\/de\/shop\/kleine-elektrogeraete\/kuechenmaschinen\/magimix-micro-chrom-kuechenmaschine\/#breadcrumb"},"inLanguage":"de","potentialAction":[{"@type":"ReadAction","target":["https:\/\/dev6.erresse-shop.it\/de\/shop\/kleine-elektrogeraete\/kuechenmaschinen\/magimix-micro-chrom-kuechenmaschine\/"]}]},{"@type":"ImageObject","inLanguage":"de","@id":"https:\/\/dev6.erresse-shop.it\/de\/shop\/kleine-elektrogeraete\/kuechenmaschinen\/magimix-micro-chrom-kuechenmaschine\/#primaryimage","url":"https:\/\/i0.wp.com\/interpim.erresse-shop.it\/Import\/Prodotti\/magimix-robot-da-cucina-micro-cromo.jpg?ssl=1","contentUrl":"https:\/\/i0.wp.com\/interpim.erresse-shop.it\/Import\/Prodotti\/magimix-robot-da-cucina-micro-cromo.jpg?ssl=1"},{"@type":"BreadcrumbList","@id":"https:\/\/dev6.erresse-shop.it\/de\/shop\/kleine-elektrogeraete\/kuechenmaschinen\/magimix-micro-chrom-kuechenmaschine\/#breadcrumb","itemListElement":[{"@type":"ListItem","position":1,"name":"Home","item":"https:\/\/dev6.erresse-shop.it\/"},{"@type":"ListItem","position":2,"name":"Shop","item":"https:\/\/dev6.erresse-shop.it\/shop\/"},{"@type":"ListItem","position":3,"name":"MAGIMIX Micro Chrom K\u00fcchenmaschine"}]},{"@type":"WebSite","@id":"https:\/\/dev6.erresse-shop.it\/#website","url":"https:\/\/dev6.erresse-shop.it\/","name":"Erresse Shop","description":"","publisher":{"@id":"https:\/\/dev6.erresse-shop.it\/#organization"},"potentialAction":[{"@type":"SearchAction","target":{"@type":"EntryPoint","urlTemplate":"https:\/\/dev6.erresse-shop.it\/?s={search_term_string}"},"query-input":{"@type":"PropertyValueSpecification","valueRequired":true,"valueName":"search_term_string"}}],"inLanguage":"de"},{"@type":"Organization","@id":"https:\/\/dev6.erresse-shop.it\/#organization","name":"Erresse Shop","url":"https:\/\/dev6.erresse-shop.it\/","logo":{"@type":"ImageObject","inLanguage":"de","@id":"https:\/\/dev6.erresse-shop.it\/#\/schema\/logo\/image\/","url":"https:\/\/dev6.erresse-shop.it\/wp-content\/uploads\/2025\/01\/LOGO-ERRESSE-CLASSICO.svg","contentUrl":"https:\/\/dev6.erresse-shop.it\/wp-content\/uploads\/2025\/01\/LOGO-ERRESSE-CLASSICO.svg","caption":"Erresse Shop"},"image":{"@id":"https:\/\/dev6.erresse-shop.it\/#\/schema\/logo\/image\/"}}]}},"df_price":59.95,"df_sale_price":59.95,"df_regular_price":115,"df_image_link":"https:\/\/i0.wp.com\/interpim.erresse-shop.it\/Import\/Prodotti\/magimix-robot-da-cucina-micro-cromo.jpg?resize=300,300&ssl=1","fifu_image_url":"https:\/\/interpim.erresse-shop.it\/Import\/Prodotti\/magimix-robot-da-cucina-micro-cromo.jpg","_links":{"self":[{"href":"https:\/\/dev6.erresse-shop.it\/de\/wp-json\/wp\/v2\/product\/1599727","targetHints":{"allow":["GET"]}}],"collection":[{"href":"https:\/\/dev6.erresse-shop.it\/de\/wp-json\/wp\/v2\/product"}],"about":[{"href":"https:\/\/dev6.erresse-shop.it\/de\/wp-json\/wp\/v2\/types\/product"}],"wp:featuredmedia":[{"embeddable":true,"href":"https:\/\/dev6.erresse-shop.it\/de\/wp-json\/wp\/v2\/media\/6372658"}],"wp:attachment":[{"href":"https:\/\/dev6.erresse-shop.it\/de\/wp-json\/wp\/v2\/media?parent=1599727"}],"wp:term":[{"taxonomy":"product_cat","embeddable":true,"href":"https:\/\/dev6.erresse-shop.it\/de\/wp-json\/wp\/v2\/product_cat?post=1599727"},{"taxonomy":"product_tag","embeddable":true,"href":"https:\/\/dev6.erresse-shop.it\/de\/wp-json\/wp\/v2\/product_tag?post=1599727"}],"curies":[{"name":"wp","href":"https:\/\/api.w.org\/{rel}","templated":true}]}}